{"id":835,"date":"2023-11-06T16:47:06","date_gmt":"2023-11-06T16:47:06","guid":{"rendered":"https:\/\/pluris2024.civil.uminho.pt\/inscripciones\/"},"modified":"2024-07-11T08:21:39","modified_gmt":"2024-07-11T08:21:39","slug":"inscripciones","status":"publish","type":"page","link":"https:\/\/pluris2024.civil.uminho.pt\/es\/inscripciones\/","title":{"rendered":"Inscripci\u00f3nes"},"content":{"rendered":"\t\t<div data-elementor-type=\"wp-page\" data-elementor-id=\"835\" class=\"elementor elementor-835 elementor-226\" data-elementor-post-type=\"page\">\n\t\t\t\t<div class=\"elementor-element elementor-element-b926390 e-flex e-con-boxed e-con e-parent\" data-id=\"b926390\" data-element_type=\"container\">\n\t\t\t\t\t<div class=\"e-con-inner\">\n\t\t<div class=\"elementor-element elementor-element-46c48aa e-flex e-con-boxed e-con e-child\" data-id=\"46c48aa\" data-element_type=\"container\">\n\t\t\t\t\t<div class=\"e-con-inner\">\n\t\t\t\t<div class=\"elementor-element elementor-element-105977f elementor-widget elementor-widget-heading\" data-id=\"105977f\" data-element_type=\"widget\" data-widget_type=\"heading.default\">\n\t\t\t\t<div class=\"elementor-widget-container\">\n\t\t\t<style>\/*! elementor - v3.22.0 - 26-06-2024 *\/\n.elementor-heading-title{padding:0;margin:0;line-height:1}.elementor-widget-heading .elementor-heading-title[class*=elementor-size-]>a{color:inherit;font-size:inherit;line-height:inherit}.elementor-widget-heading .elementor-heading-title.elementor-size-small{font-size:15px}.elementor-widget-heading .elementor-heading-title.elementor-size-medium{font-size:19px}.elementor-widget-heading .elementor-heading-title.elementor-size-large{font-size:29px}.elementor-widget-heading .elementor-heading-title.elementor-size-xl{font-size:39px}.elementor-widget-heading .elementor-heading-title.elementor-size-xxl{font-size:59px}<\/style><h2 class=\"elementor-heading-title elementor-size-default\">Inscripci\u00f3nes<\/h2>\t\t<\/div>\n\t\t\t\t<\/div>\n\t\t\t\t<div class=\"elementor-element elementor-element-bb88cfd elementor-widget elementor-widget-text-editor\" data-id=\"bb88cfd\" data-element_type=\"widget\" data-widget_type=\"text-editor.default\">\n\t\t\t\t<div class=\"elementor-widget-container\">\n\t\t\t<style>\/*! elementor - v3.22.0 - 26-06-2024 *\/\n.elementor-widget-text-editor.elementor-drop-cap-view-stacked .elementor-drop-cap{background-color:#69727d;color:#fff}.elementor-widget-text-editor.elementor-drop-cap-view-framed .elementor-drop-cap{color:#69727d;border:3px solid;background-color:transparent}.elementor-widget-text-editor:not(.elementor-drop-cap-view-default) .elementor-drop-cap{margin-top:8px}.elementor-widget-text-editor:not(.elementor-drop-cap-view-default) .elementor-drop-cap-letter{width:1em;height:1em}.elementor-widget-text-editor .elementor-drop-cap{float:left;text-align:center;line-height:1;font-size:50px}.elementor-widget-text-editor .elementor-drop-cap-letter{display:inline-block}<\/style>\t\t\t\t<p>Todos los participantes interesados en tomar parte en <strong>Pluris2024<\/strong> deben inscribirse en el congreso rellenando el formulario de inscripci\u00f3n. Una vez que haya completado el proceso de inscripci\u00f3n, recibir\u00e1 un correo electr\u00f3nico autom\u00e1tico confirmando que su proceso de inscripci\u00f3n se ha completado con \u00e9xito.<br \/><span style=\"font-style: inherit; font-weight: inherit; text-align: var(--text-align); background-color: var(--ast-global-color-5); color: var(--ast-global-color-3);\"><br \/>Cuando se registre por primera vez, crear\u00e1 su nombre de usuario y contrase\u00f1a personales. Despu\u00e9s, puedes registrarte y a\u00f1adir servicios tantas veces como quieras.<\/span><\/p>\n<p>No olvide guardar su nombre de usuario y contrase\u00f1a para utilizarlos en el futuro.<\/p>\n\t\t\t\t\t\t<\/div>\n\t\t\t\t<\/div>\n\t\t\t\t\t<\/div>\n\t\t\t\t<\/div>\n\t\t\t\t\t<\/div>\n\t\t\t\t<\/div>\n\t\t<div class=\"elementor-element elementor-element-5454db1 e-flex e-con-boxed e-con e-parent\" data-id=\"5454db1\" data-element_type=\"container\">\n\t\t\t\t\t<div class=\"e-con-inner\">\n\t\t<div class=\"elementor-element elementor-element-1c5c87d e-con-full e-flex e-con e-child\" data-id=\"1c5c87d\" data-element_type=\"container\">\n\t\t\t\t<div class=\"elementor-element elementor-element-bd1ed20 elementor-hidden-mobile elementor-widget__width-initial elementor-widget elementor-widget-html\" data-id=\"bd1ed20\" data-element_type=\"widget\" data-widget_type=\"html.default\">\n\t\t\t\t<div class=\"elementor-widget-container\">\n\t\t\t<table class=\"Registration_PricesTable\" border=\"0\" cellpadding=\"0\" cellspacing=\"0\">\n        <thead style=\"background-color: #f1f1f1; color: #9E292B  \">\n            <tr>\n                <td class=\"title\">\n inscripci\u00f3n\n                <\/td>\n                <td class=\"title\">\n hasta el 13 de septiembre de 2024\n                <\/td>\n                <td class=\"title\">\n despu\u00e9s del 13 de septiembre de 2024 \n                <\/td>\n            <\/tr>\n        <\/thead>\n        <tbody>\n            <tr>\n                <td style=\"color: #9E292B;\">\n Autor - Profesional <br> (con derecho a registrar hasta 2 obras)\n              \t<\/td>\n                <td class=\"price\">\u20ac 320,00<\/td>\n                <td class=\"price\">\u20ac 400,00<\/td>\n            <\/tr>\n            <tr>\n                <td style=\"color: #9E292B;\">\n Autor - Estudiante <br> (con derecho a registrar 1 obra)\n                <\/td>\n                <td class=\"price\">\u20ac 170,00<\/td>\n                <td class=\"price\">\u20ac 220,00<\/td>\n            <\/tr>\n            <tr>\n                <td style=\"color: #9E292B;\">\n Profesional, no autor de comunicaci\u00f3n\n              \t<\/td>\n                <td class=\"price\">\u20ac 350,00<\/td>\n                <td class=\"price\">\u20ac 400,00<\/td>\n            <\/tr>\n            <tr>\n                <td style=\"color: #9E292B;\">\n Estudiante, no autor de la comunicaci\u00f3n\n              \t<\/td>\n                <td class=\"price\">\u20ac 200,00<\/td>\n                <td class=\"price\">\u20ac 250,00<\/td>\n            <\/tr>\n            <tr>\n                <td style=\"color: #9E292B;\">\n Acompa\u00f1ante *\n              \t<\/td>\n                <td class=\"price\">\u20ac 120,00<\/td>\n                <td class=\"price\">\u20ac 120,00<\/td>\n            <\/tr>\n      <\/tbody>\n    <\/table>\t\t<\/div>\n\t\t\t\t<\/div>\n\t\t\t\t<div class=\"elementor-element elementor-element-2c44651 elementor-hidden-desktop elementor-hidden-tablet elementor-widget elementor-widget-html\" data-id=\"2c44651\" data-element_type=\"widget\" data-widget_type=\"html.default\">\n\t\t\t\t<div class=\"elementor-widget-container\">\n\t\t\t<table class=\"Registration_PricesTable\" border=\"0\" cellpadding=\"0\" cellspacing=\"0\">\n        <thead style=\"background-color: #f1f1f1; color: #9E292B  \">\n            <tr>\n                <td class=\"title\">\n inscripci\u00f3n\n                <\/td>\n                <td class=\"title\">\n hasta el 13 de septiembre de 2024\n                <\/td>\n            <\/tr>\n        <\/thead>\n        <tbody>\n            <tr>\n                <td style=\"color: #9E292B;\">\n Autor - Profesional <br> (con derecho a registrar hasta 2 obras)\n              \t<\/td>\n                <td class=\"price\">\u20ac 320,00<\/td>\n               \n            <\/tr>\n            <tr>\n                <td style=\"color: #9E292B;\">\n Autor - Estudiante <br> (con derecho a registrar 1 obra)\n                <\/td>\n                <td class=\"price\">\u20ac 170,00<\/td>\n               \n            <\/tr>\n            <tr>\n                <td style=\"color: #9E292B;\">\n Profesional, no autor de comunicaci\u00f3n\n              \t<\/td>\n                <td class=\"price\">\u20ac 350,00<\/td>\n               \n            <\/tr>\n            <tr>\n                <td style=\"color: #9E292B;\">\n Estudiante, no autor de la comunicaci\u00f3n\n              \t<\/td>\n                <td class=\"price\">\u20ac 200,00<\/td>\n          \n            <\/tr>\n            <tr>\n                <td style=\"color: #9E292B;\">\n Acompa\u00f1ante *\n              \t<\/td>\n                <td class=\"price\">\u20ac 120,00<\/td>\n               \n            <\/tr>\n      <\/tbody>\n    <\/table>\t\t<\/div>\n\t\t\t\t<\/div>\n\t\t\t\t<div class=\"elementor-element elementor-element-28a6c77 elementor-hidden-desktop elementor-hidden-tablet elementor-widget elementor-widget-html\" data-id=\"28a6c77\" data-element_type=\"widget\" data-widget_type=\"html.default\">\n\t\t\t\t<div class=\"elementor-widget-container\">\n\t\t\t<table class=\"Registration_PricesTable\" border=\"0\" cellpadding=\"0\" cellspacing=\"0\">\n        <thead style=\"background-color: #f1f1f1; color: #9E292B  \">\n            <tr>\n                <td class=\"title\">\n inscripci\u00f3n\n                <\/td>\n                <td class=\"title\">\n despu\u00e9s del 13 de septiembre de 2024 \n                <\/td>\n            <\/tr>\n        <\/thead>\n        <tbody>\n            <tr>\n                <td style=\"color: #9E292B;\">\n Autor - Profesional <br> (con derecho a registrar hasta 2 obras)\n              \t<\/td>\n             \n                <td class=\"price\">\u20ac 400,00<\/td>\n            <\/tr>\n            <tr>\n                <td style=\"color: #9E292B;\">\n Autor - Estudiante <br> (con derecho a registrar 1 obra)\n                <\/td>\n                \n                <td class=\"price\">\u20ac 220,00<\/td>\n            <\/tr>\n            <tr>\n                <td style=\"color: #9E292B;\">\n Profesional, no autor de comunicaci\u00f3n\n              \t<\/td>\n               \n                <td class=\"price\">\u20ac 400,00<\/td>\n            <\/tr>\n            <tr>\n                <td style=\"color: #9E292B;\">\n Estudiante, no autor de la comunicaci\u00f3n\n              \t<\/td>\n               \n                <td class=\"price\">\u20ac 250,00<\/td>\n            <\/tr>\n            <tr>\n                <td style=\"color: #9E292B;\">\n Acompa\u00f1ante *\n              \t<\/td>\n                \n                <td class=\"price\">\u20ac 120,00<\/td>\n            <\/tr>\n      <\/tbody>\n    <\/table>\t\t<\/div>\n\t\t\t\t<\/div>\n\t\t<div class=\"elementor-element elementor-element-ec13e5e e-con-full e-flex e-con e-child\" data-id=\"ec13e5e\" data-element_type=\"container\">\n\t\t\t\t<div class=\"elementor-element elementor-element-337dc5f elementor-widget elementor-widget-text-editor\" data-id=\"337dc5f\" data-element_type=\"widget\" data-widget_type=\"text-editor.default\">\n\t\t\t\t<div class=\"elementor-widget-container\">\n\t\t\t\t\t\t\t<p>Cada inscripci\u00f3n como Autor permite la presentaci\u00f3n de comunicaci\u00f3n\/es (oral y\/o p\u00f3ster) seg\u00fan se identifique para cada tipo de inscripci\u00f3n, siempre que sea autor\/coautor de la\/s comunicaci\u00f3n\/es. La cuota de inscripci\u00f3n incluye las actas electr\u00f3nicas, el certificado de participaci\u00f3n, el certificado de presentaci\u00f3n (siempre que realice una presentaci\u00f3n oral o p\u00f3ster), las pausas para el caf\u00e9, los almuerzos, el c\u00f3ctel de bienvenida y la cena de la conferencia, as\u00ed como el material de apoyo de la conferencia (bolsa, insignia, etc.).<\/p>\n<p>*La cuota de inscripci\u00f3n para acompa\u00f1antes incluye el c\u00f3ctel y la cena del congreso.<\/p>\n<p><b>Nota:<\/b> Debe tener en cuenta toda la informaci\u00f3n detallada que aparece en esta p\u00e1gina justo debajo del bot\u00f3n del formulario de inscripci\u00f3n en l\u00ednea.<\/p>\n\t\t\t\t\t\t<\/div>\n\t\t\t\t<\/div>\n\t\t\t\t<\/div>\n\t\t<div class=\"elementor-element elementor-element-8b9ce6b e-con-full e-flex e-con e-child\" data-id=\"8b9ce6b\" data-element_type=\"container\">\n\t\t\t\t<div class=\"elementor-element elementor-element-cb779a5 elementor-mobile-align-center elementor-align-center elementor-widget elementor-widget-button\" data-id=\"cb779a5\" data-element_type=\"widget\" data-widget_type=\"button.default\">\n\t\t\t\t<div class=\"elementor-widget-container\">\n\t\t\t\t\t<div class=\"elementor-button-wrapper\">\n\t\t\t<a class=\"elementor-button elementor-button-link elementor-size-sm\" href=\"https:\/\/www.congressospco.abreu.pt\/PLURIS24-41072.aspx\" target=\"_blank\">\n\t\t\t\t\t\t<span class=\"elementor-button-content-wrapper\">\n\t\t\t\t\t\t<span class=\"elementor-button-icon\">\n\t\t\t\t<svg aria-hidden=\"true\" class=\"e-font-icon-svg e-fas-file-signature\" viewBox=\"0 0 576 512\" xmlns=\"http:\/\/www.w3.org\/2000\/svg\"><path d=\"M218.17 424.14c-2.95-5.92-8.09-6.52-10.17-6.52s-7.22.59-10.02 6.19l-7.67 15.34c-6.37 12.78-25.03 11.37-29.48-2.09L144 386.59l-10.61 31.88c-5.89 17.66-22.38 29.53-41 29.53H80c-8.84 0-16-7.16-16-16s7.16-16 16-16h12.39c4.83 0 9.11-3.08 10.64-7.66l18.19-54.64c3.3-9.81 12.44-16.41 22.78-16.41s19.48 6.59 22.77 16.41l13.88 41.64c19.75-16.19 54.06-9.7 66 14.16 1.89 3.78 5.49 5.95 9.36 6.26v-82.12l128-127.09V160H248c-13.2 0-24-10.8-24-24V0H24C10.7 0 0 10.7 0 24v464c0 13.3 10.7 24 24 24h336c13.3 0 24-10.7 24-24v-40l-128-.11c-16.12-.31-30.58-9.28-37.83-23.75zM384 121.9c0-6.3-2.5-12.4-7-16.9L279.1 7c-4.5-4.5-10.6-7-17-7H256v128h128v-6.1zm-96 225.06V416h68.99l161.68-162.78-67.88-67.88L288 346.96zm280.54-179.63l-31.87-31.87c-9.94-9.94-26.07-9.94-36.01 0l-27.25 27.25 67.88 67.88 27.25-27.25c9.95-9.94 9.95-26.07 0-36.01z\"><\/path><\/svg>\t\t\t<\/span>\n\t\t\t\t\t\t\t\t\t<span class=\"elementor-button-text\">Formulario de inscripci\u00f3n<\/span>\n\t\t\t\t\t<\/span>\n\t\t\t\t\t<\/a>\n\t\t<\/div>\n\t\t\t\t<\/div>\n\t\t\t\t<\/div>\n\t\t\t\t<\/div>\n\t\t<div class=\"elementor-element elementor-element-3987181 e-con-full e-flex e-con e-child\" data-id=\"3987181\" data-element_type=\"container\">\n\t\t\t\t<div class=\"elementor-element elementor-element-2392d9d elementor-widget elementor-widget-heading\" data-id=\"2392d9d\" data-element_type=\"widget\" data-widget_type=\"heading.default\">\n\t\t\t\t<div class=\"elementor-widget-container\">\n\t\t\t<h4 class=\"elementor-heading-title elementor-size-default\">Informaci\u00f3n sobre el pago de las tasas de inscripci\u00f3n:<\/h4>\t\t<\/div>\n\t\t\t\t<\/div>\n\t\t\t\t<div class=\"elementor-element elementor-element-ff8ce19 elementor-widget elementor-widget-text-editor\" data-id=\"ff8ce19\" data-element_type=\"widget\" data-widget_type=\"text-editor.default\">\n\t\t\t\t<div class=\"elementor-widget-container\">\n\t\t\t\t\t\t\t<ul>\n<li>Se puede pagar con tarjeta de cr\u00e9dito y transferencia bancaria.<\/li>\n<li>Tarjeta de cr\u00e9dito: el pago es autom\u00e1tico a trav\u00e9s de una plataforma en l\u00ednea en un servidor seguro.<\/li>\n<li>Por razones de seguridad, en ning\u00fan caso deben enviarse por correo electr\u00f3nico los datos de la tarjeta de cr\u00e9dito.<\/li>\n<li>Transferencia bancaria: Adem\u00e1s de los derechos de inscripci\u00f3n, los participantes deber\u00e1n abonar los gastos bancarios.<\/li>\n<li>Por cada inscripci\u00f3n realizada y pago seleccionado por transferencia bancaria, recibir\u00e1 una factura proforma autom\u00e1tica.<\/li>\n<li>Las facturas con direcci\u00f3n en la Uni\u00f3n Europea deben ir acompa\u00f1adas de un n\u00famero de IVA.<\/li>\n<li>La direcci\u00f3n de facturaci\u00f3n y el n\u00famero de IVA s\u00f3lo pueden configurarse durante el proceso de registro.<\/li>\n<li>Introduzca la direcci\u00f3n de facturaci\u00f3n deseada: puede utilizar sus datos de contacto principales o una direcci\u00f3n alternativa (por ejemplo, si su instituci\u00f3n financia su inscripci\u00f3n).<\/li>\n<\/ul>\n\t\t\t\t\t\t<\/div>\n\t\t\t\t<\/div>\n\t\t<div class=\"elementor-element elementor-element-50b597d e-con-full e-flex e-con e-child\" data-id=\"50b597d\" data-element_type=\"container\">\n\t\t\t\t<div class=\"elementor-element elementor-element-b0735c2 elementor-widget elementor-widget-heading\" data-id=\"b0735c2\" data-element_type=\"widget\" data-widget_type=\"heading.default\">\n\t\t\t\t<div class=\"elementor-widget-container\">\n\t\t\t<h4 class=\"elementor-heading-title elementor-size-default\"><u>Tenga en cuenta lo siguiente <\/u><\/h4>\t\t<\/div>\n\t\t\t\t<\/div>\n\t\t\t\t<div class=\"elementor-element elementor-element-92641b7 elementor-widget elementor-widget-text-editor\" data-id=\"92641b7\" data-element_type=\"widget\" data-widget_type=\"text-editor.default\">\n\t\t\t\t<div class=\"elementor-widget-container\">\n\t\t\t\t\t\t\t<p><strong>Nota 1:<\/strong> La fecha l\u00edmite para inscribirse al mejor precio es el 13 de septiembre de 2024.<\/p>\n<p><strong>Nota 2:<\/strong> La inscripci\u00f3n profesional incluye: participaci\u00f3n en los 3 d\u00edas del congreso, actas electr\u00f3nicas, certificado de participaci\u00f3n, certificado de presentaci\u00f3n (siempre que realice una presentaci\u00f3n oral o p\u00f3ster), pausas caf\u00e9, almuerzos, c\u00f3ctel de bienvenida y cena del congreso y material de apoyo al congreso (bolsa, credencial, etc.).<\/p>\n<p><strong>Nota 3:<\/strong> La inscripci\u00f3n de estudiantes incluye: participaci\u00f3n en los 3 d\u00edas del congreso, actas electr\u00f3nicas, certificado de participaci\u00f3n, certificado de presentaci\u00f3n (siempre que realice una presentaci\u00f3n oral o p\u00f3ster), pausas caf\u00e9, almuerzos, c\u00f3ctel de bienvenida y cena del congreso y material de apoyo al congreso (bolsa, credencial, etc.).<\/p>\n<p><strong>Nota 4:<\/strong> La inscripci\u00f3n de acompa\u00f1antes incluye: C\u00f3ctel de bienvenida y cena del congreso.<\/p>\n<p><u><strong><br \/>Justificante de matr\u00edcula para estudiantes<\/strong><\/u><\/p>\n<p>Para inscribirse con la tarifa de Estudiante, deber\u00e1 acreditarlo mediante documento expedido por la respectiva Instituci\u00f3n de Educaci\u00f3n Superior: Curso\/Programa de Grado o Postgrado, Escuela, Facultad o Universidad, para el a\u00f1o 2024.<\/p>\n<p>El documento debe a\u00f1adirse al formulario de inscripci\u00f3n en l\u00ednea correspondiente despu\u00e9s de seleccionar la tasa de estudiante.<\/p>\n<p><strong><u><br \/>Pol\u00edtica de cancelaci\u00f3n y reembolso<\/u><\/strong><\/p>\n<p>Para las inscripciones de autores con trabajo asociado, ya sean profesionales o estudiantes, no se aceptar\u00e1n cancelaciones ni se reembolsar\u00e1 el pago.<\/p>\n<p>Para los acompa\u00f1antes de pago, s\u00f3lo se aceptan cancelaciones hasta el 4 de octubre, con devoluci\u00f3n \u00edntegra del importe abonado.<\/p>\n\t\t\t\t\t\t<\/div>\n\t\t\t\t<\/div>\n\t\t\t\t<\/div>\n\t\t\t\t<\/div>\n\t\t\t\t<\/div>\n\t\t\t\t\t<\/div>\n\t\t\t\t<\/div>\n\t\t\t\t<\/div>\n\t\t","protected":false},"excerpt":{"rendered":"<p>Inscripci\u00f3nes Todos los participantes interesados en tomar parte en Pluris2024 deben inscribirse en el congreso rellenando el formulario de inscripci\u00f3n. Una vez que haya completado el proceso de inscripci\u00f3n, recibir\u00e1 un correo electr\u00f3nico autom\u00e1tico confirmando que su proceso de inscripci\u00f3n se ha completado con \u00e9xito. Cuando se registre por primera vez, crear\u00e1 su nombre de [&hellip;]<\/p>\n","protected":false},"author":1,"featured_media":0,"parent":0,"menu_order":0,"comment_status":"closed","ping_status":"closed","template":"","meta":{"site-sidebar-layout":"no-sidebar","site-content-layout":"","ast-site-content-layout":"full-width-container","site-content-style":"default","site-sidebar-style":"default","ast-global-header-display":"","ast-banner-title-visibility":"","ast-main-header-display":"","ast-hfb-above-header-display":"","ast-hfb-below-header-display":"","ast-hfb-mobile-header-display":"","site-post-title":"disabled","ast-breadcrumbs-content":"","ast-featured-img":"disabled","footer-sml-layout":"","theme-transparent-header-meta":"","adv-header-id-meta":"","stick-header-meta":"","header-above-stick-meta":"","header-main-stick-meta":"","header-below-stick-meta":"","astra-migrate-meta-layouts":"default","ast-page-background-enabled":"default","ast-page-background-meta":{"desktop":{"background-color":"var(--ast-global-color-4)","background-image":"","background-repeat":"repeat","background-position":"center center","background-size":"auto","background-attachment":"scroll","background-type":"","background-media":"","overlay-type":"","overlay-color":"","overlay-opacity":"","overlay-gradient":""},"tablet":{"background-color":"","background-image":"","background-repeat":"repeat","background-position":"center center","background-size":"auto","background-attachment":"scroll","background-type":"","background-media":"","overlay-type":"","overlay-color":"","overlay-opacity":"","overlay-gradient":""},"mobile":{"background-color":"","background-image":"","background-repeat":"repeat","background-position":"center center","background-size":"auto","background-attachment":"scroll","background-type":"","background-media":"","overlay-type":"","overlay-color":"","overlay-opacity":"","overlay-gradient":""}},"ast-content-background-meta":{"desktop":{"background-color":"var(--ast-global-color-5)","background-image":"","background-repeat":"repeat","background-position":"center center","background-size":"auto","background-attachment":"scroll","background-type":"","background-media":"","overlay-type":"","overlay-color":"","overlay-opacity":"","overlay-gradient":""},"tablet":{"background-color":"var(--ast-global-color-5)","background-image":"","background-repeat":"repeat","background-position":"center center","background-size":"auto","background-attachment":"scroll","background-type":"","background-media":"","overlay-type":"","overlay-color":"","overlay-opacity":"","overlay-gradient":""},"mobile":{"background-color":"var(--ast-global-color-5)","background-image":"","background-repeat":"repeat","background-position":"center center","background-size":"auto","background-attachment":"scroll","background-type":"","background-media":"","overlay-type":"","overlay-color":"","overlay-opacity":"","overlay-gradient":""}},"footnotes":""},"class_list":["post-835","page","type-page","status-publish","hentry"],"_links":{"self":[{"href":"https:\/\/pluris2024.civil.uminho.pt\/es\/wp-json\/wp\/v2\/pages\/835","targetHints":{"allow":["GET"]}}],"collection":[{"href":"https:\/\/pluris2024.civil.uminho.pt\/es\/wp-json\/wp\/v2\/pages"}],"about":[{"href":"https:\/\/pluris2024.civil.uminho.pt\/es\/wp-json\/wp\/v2\/types\/page"}],"author":[{"embeddable":true,"href":"https:\/\/pluris2024.civil.uminho.pt\/es\/wp-json\/wp\/v2\/users\/1"}],"replies":[{"embeddable":true,"href":"https:\/\/pluris2024.civil.uminho.pt\/es\/wp-json\/wp\/v2\/comments?post=835"}],"version-history":[{"count":7,"href":"https:\/\/pluris2024.civil.uminho.pt\/es\/wp-json\/wp\/v2\/pages\/835\/revisions"}],"predecessor-version":[{"id":927,"href":"https:\/\/pluris2024.civil.uminho.pt\/es\/wp-json\/wp\/v2\/pages\/835\/revisions\/927"}],"wp:attachment":[{"href":"https:\/\/pluris2024.civil.uminho.pt\/es\/wp-json\/wp\/v2\/media?parent=835"}],"curies":[{"name":"wp","href":"https:\/\/api.w.org\/{rel}","templated":true}]}}