{"id":821,"date":"2023-11-06T16:47:06","date_gmt":"2023-11-06T16:47:06","guid":{"rendered":"https:\/\/pluris2024.civil.uminho.pt\/envio-de-articulos\/"},"modified":"2024-07-03T13:06:06","modified_gmt":"2024-07-03T13:06:06","slug":"envio-de-articulos","status":"publish","type":"page","link":"https:\/\/pluris2024.civil.uminho.pt\/es\/envio-de-articulos\/","title":{"rendered":"Env\u00edo de art\u00edculos"},"content":{"rendered":"\t\t<div data-elementor-type=\"wp-page\" data-elementor-id=\"821\" class=\"elementor elementor-821 elementor-223\" data-elementor-post-type=\"page\">\n\t\t\t\t<div class=\"elementor-element elementor-element-36d5ec9 e-flex e-con-boxed e-con e-parent\" data-id=\"36d5ec9\" data-element_type=\"container\" data-e-type=\"container\">\n\t\t\t\t\t<div class=\"e-con-inner\">\n\t\t\t\t<div class=\"elementor-element elementor-element-ebe5a18 elementor-widget elementor-widget-heading\" data-id=\"ebe5a18\" data-element_type=\"widget\" data-e-type=\"widget\" data-widget_type=\"heading.default\">\n\t\t\t\t<div class=\"elementor-widget-container\">\n\t\t\t\t\t<h2 class=\"elementor-heading-title elementor-size-default\">Env\u00edo de art\u00edculos<\/h2>\t\t\t\t<\/div>\n\t\t\t\t<\/div>\n\t\t\t\t<div class=\"elementor-element elementor-element-86e264b elementor-widget elementor-widget-text-editor\" data-id=\"86e264b\" data-element_type=\"widget\" data-e-type=\"widget\" data-widget_type=\"text-editor.default\">\n\t\t\t\t<div class=\"elementor-widget-container\">\n\t\t\t\t\t\t\t\t\t<p>Todos los autores cuyos res\u00famenes hayan superado la fase de evaluaci\u00f3n de art\u00edculos completos deber\u00e1n enviar sus art\u00edculos para continuar el proceso de evaluaci\u00f3n.<\/p>\n<p>Tenga en cuenta que s\u00f3lo se tendr\u00e1n en cuenta para el acto los trabajos aceptados tras la segunda fase de evaluaci\u00f3n.<\/p>\n<p>Los trabajos completos deber\u00e1n presentarse antes del <strong>20 de mayo de 2024<\/strong>.<\/p>\n<p><span style=\"text-decoration: underline;\">Todos los autores deben seguir las normas establecidas en las instrucciones disponibles en los siguientes archivos:<\/span><\/p>\n<p><a href=\"https:\/\/civil.uminho.pt\/planning\/pluris2024\/subm_artigos\/Pluris2024_instr_autores_pt.pdf\"><em>Plantilla PDF<\/em><\/a><\/p>\n<p><a href=\"https:\/\/civil.uminho.pt\/planning\/pluris2024\/subm_artigos\/Pluris2024_instr_autores_pt.docx\"><em>Plantilla de Word<\/em><\/a><\/p>\n<p>La extensi\u00f3n m\u00e1xima de un Full Paper es de 12 p\u00e1ginas, incluidas figuras, tablas y referencias, de acuerdo con las normas definidas en las instrucciones de presentaci\u00f3n.<\/p>\n<p>Tenga en cuenta que los art\u00edculos que superen este l\u00edmite ser\u00e1n rechazados de plano, independientemente de su calidad, ya que ni siquiera ser\u00e1n tenidos en cuenta por el comit\u00e9 de evaluaci\u00f3n.<\/p>\t\t\t\t\t\t\t\t<\/div>\n\t\t\t\t<\/div>\n\t\t\t\t<div class=\"elementor-element elementor-element-41b6fb1 elementor-align-center elementor-widget elementor-widget-button\" data-id=\"41b6fb1\" data-element_type=\"widget\" data-e-type=\"widget\" data-widget_type=\"button.default\">\n\t\t\t\t<div class=\"elementor-widget-container\">\n\t\t\t\t\t\t\t\t\t<div class=\"elementor-button-wrapper\">\n\t\t\t\t\t<a class=\"elementor-button elementor-button-link elementor-size-sm\" href=\"https:\/\/www.civil.uminho.pt\/planning\/pluris2024\/subm_artigos\/artigos.aspx\" target=\"_blank\">\n\t\t\t\t\t\t<span class=\"elementor-button-content-wrapper\">\n\t\t\t\t\t\t<span class=\"elementor-button-icon\">\n\t\t\t\t<svg aria-hidden=\"true\" class=\"e-font-icon-svg e-far-file-alt\" viewBox=\"0 0 384 512\" xmlns=\"http:\/\/www.w3.org\/2000\/svg\"><path d=\"M288 248v28c0 6.6-5.4 12-12 12H108c-6.6 0-12-5.4-12-12v-28c0-6.6 5.4-12 12-12h168c6.6 0 12 5.4 12 12zm-12 72H108c-6.6 0-12 5.4-12 12v28c0 6.6 5.4 12 12 12h168c6.6 0 12-5.4 12-12v-28c0-6.6-5.4-12-12-12zm108-188.1V464c0 26.5-21.5 48-48 48H48c-26.5 0-48-21.5-48-48V48C0 21.5 21.5 0 48 0h204.1C264.8 0 277 5.1 286 14.1L369.9 98c9 8.9 14.1 21.2 14.1 33.9zm-128-80V128h76.1L256 51.9zM336 464V176H232c-13.3 0-24-10.7-24-24V48H48v416h288z\"><\/path><\/svg>\t\t\t<\/span>\n\t\t\t\t\t\t\t\t\t<span class=\"elementor-button-text\">Enviar art\u00edculo<\/span>\n\t\t\t\t\t<\/span>\n\t\t\t\t\t<\/a>\n\t\t\t\t<\/div>\n\t\t\t\t\t\t\t\t<\/div>\n\t\t\t\t<\/div>\n\t\t\t\t\t<\/div>\n\t\t\t\t<\/div>\n\t\t\t\t<\/div>\n\t\t","protected":false},"excerpt":{"rendered":"<p>Env\u00edo de art\u00edculos Todos los autores cuyos res\u00famenes hayan superado la fase de evaluaci\u00f3n de art\u00edculos completos deber\u00e1n enviar sus art\u00edculos para continuar el proceso de evaluaci\u00f3n. Tenga en cuenta que s\u00f3lo se tendr\u00e1n en cuenta para el acto los trabajos aceptados tras la segunda fase de evaluaci\u00f3n. Los trabajos completos deber\u00e1n presentarse antes del [&hellip;]<\/p>\n","protected":false},"author":1,"featured_media":0,"parent":0,"menu_order":0,"comment_status":"closed","ping_status":"closed","template":"","meta":{"site-sidebar-layout":"no-sidebar","site-content-layout":"","ast-site-content-layout":"full-width-container","site-content-style":"default","site-sidebar-style":"default","ast-global-header-display":"","ast-banner-title-visibility":"","ast-main-header-display":"","ast-hfb-above-header-display":"","ast-hfb-below-header-display":"","ast-hfb-mobile-header-display":"","site-post-title":"disabled","ast-breadcrumbs-content":"","ast-featured-img":"disabled","footer-sml-layout":"","ast-disable-related-posts":"","theme-transparent-header-meta":"","adv-header-id-meta":"","stick-header-meta":"","header-above-stick-meta":"","header-main-stick-meta":"","header-below-stick-meta":"","astra-migrate-meta-layouts":"default","ast-page-background-enabled":"default","ast-page-background-meta":{"desktop":{"background-color":"var(--ast-global-color-4)","background-image":"","background-repeat":"repeat","background-position":"center center","background-size":"auto","background-attachment":"scroll","background-type":"","background-media":"","overlay-type":"","overlay-color":"","overlay-opacity":"","overlay-gradient":""},"tablet":{"background-color":"","background-image":"","background-repeat":"repeat","background-position":"center center","background-size":"auto","background-attachment":"scroll","background-type":"","background-media":"","overlay-type":"","overlay-color":"","overlay-opacity":"","overlay-gradient":""},"mobile":{"background-color":"","background-image":"","background-repeat":"repeat","background-position":"center center","background-size":"auto","background-attachment":"scroll","background-type":"","background-media":"","overlay-type":"","overlay-color":"","overlay-opacity":"","overlay-gradient":""}},"ast-content-background-meta":{"desktop":{"background-color":"var(--ast-global-color-5)","background-image":"","background-repeat":"repeat","background-position":"center center","background-size":"auto","background-attachment":"scroll","background-type":"","background-media":"","overlay-type":"","overlay-color":"","overlay-opacity":"","overlay-gradient":""},"tablet":{"background-color":"var(--ast-global-color-5)","background-image":"","background-repeat":"repeat","background-position":"center center","background-size":"auto","background-attachment":"scroll","background-type":"","background-media":"","overlay-type":"","overlay-color":"","overlay-opacity":"","overlay-gradient":""},"mobile":{"background-color":"var(--ast-global-color-5)","background-image":"","background-repeat":"repeat","background-position":"center center","background-size":"auto","background-attachment":"scroll","background-type":"","background-media":"","overlay-type":"","overlay-color":"","overlay-opacity":"","overlay-gradient":""}},"footnotes":""},"class_list":["post-821","page","type-page","status-publish","hentry"],"_links":{"self":[{"href":"https:\/\/pluris2024.civil.uminho.pt\/es\/wp-json\/wp\/v2\/pages\/821","targetHints":{"allow":["GET"]}}],"collection":[{"href":"https:\/\/pluris2024.civil.uminho.pt\/es\/wp-json\/wp\/v2\/pages"}],"about":[{"href":"https:\/\/pluris2024.civil.uminho.pt\/es\/wp-json\/wp\/v2\/types\/page"}],"author":[{"embeddable":true,"href":"https:\/\/pluris2024.civil.uminho.pt\/es\/wp-json\/wp\/v2\/users\/1"}],"replies":[{"embeddable":true,"href":"https:\/\/pluris2024.civil.uminho.pt\/es\/wp-json\/wp\/v2\/comments?post=821"}],"version-history":[{"count":1,"href":"https:\/\/pluris2024.civil.uminho.pt\/es\/wp-json\/wp\/v2\/pages\/821\/revisions"}],"predecessor-version":[{"id":822,"href":"https:\/\/pluris2024.civil.uminho.pt\/es\/wp-json\/wp\/v2\/pages\/821\/revisions\/822"}],"wp:attachment":[{"href":"https:\/\/pluris2024.civil.uminho.pt\/es\/wp-json\/wp\/v2\/media?parent=821"}],"curies":[{"name":"wp","href":"https:\/\/api.w.org\/{rel}","templated":true}]}}