{"id":817,"date":"2023-11-06T16:47:06","date_gmt":"2023-11-06T16:47:06","guid":{"rendered":"https:\/\/pluris2024.civil.uminho.pt\/temas-y-topicos\/"},"modified":"2024-07-03T12:59:48","modified_gmt":"2024-07-03T12:59:48","slug":"temas-y-topicos","status":"publish","type":"page","link":"https:\/\/pluris2024.civil.uminho.pt\/es\/temas-y-topicos\/","title":{"rendered":"Temas y t\u00f3picos"},"content":{"rendered":"\t\t<div data-elementor-type=\"wp-page\" data-elementor-id=\"817\" class=\"elementor elementor-817 elementor-220\" data-elementor-post-type=\"page\">\n\t\t\t\t<div class=\"elementor-element elementor-element-5be9e7ee e-flex e-con-boxed e-con e-parent\" data-id=\"5be9e7ee\" data-element_type=\"container\">\n\t\t\t\t\t<div class=\"e-con-inner\">\n\t\t\t\t<div class=\"elementor-element elementor-element-db3f310 elementor-widget elementor-widget-heading\" data-id=\"db3f310\" data-element_type=\"widget\" data-widget_type=\"heading.default\">\n\t\t\t\t<div class=\"elementor-widget-container\">\n\t\t\t<style>\/*! elementor - v3.22.0 - 26-06-2024 *\/\n.elementor-heading-title{padding:0;margin:0;line-height:1}.elementor-widget-heading .elementor-heading-title[class*=elementor-size-]>a{color:inherit;font-size:inherit;line-height:inherit}.elementor-widget-heading .elementor-heading-title.elementor-size-small{font-size:15px}.elementor-widget-heading .elementor-heading-title.elementor-size-medium{font-size:19px}.elementor-widget-heading .elementor-heading-title.elementor-size-large{font-size:29px}.elementor-widget-heading .elementor-heading-title.elementor-size-xl{font-size:39px}.elementor-widget-heading .elementor-heading-title.elementor-size-xxl{font-size:59px}<\/style><h2 class=\"elementor-heading-title elementor-size-default\">Temas y t\u00f3picos<\/h2>\t\t<\/div>\n\t\t\t\t<\/div>\n\t\t\t\t\t<\/div>\n\t\t\t\t<\/div>\n\t\t<div class=\"elementor-element elementor-element-127e06c e-flex e-con-boxed e-con e-parent\" data-id=\"127e06c\" data-element_type=\"container\">\n\t\t\t\t\t<div class=\"e-con-inner\">\n\t\t\t\t<div class=\"elementor-element elementor-element-d528ccc elementor-widget elementor-widget-heading\" data-id=\"d528ccc\" data-element_type=\"widget\" data-widget_type=\"heading.default\">\n\t\t\t\t<div class=\"elementor-widget-container\">\n\t\t\t<h4 class=\"elementor-heading-title elementor-size-default\">TEMAS<\/h4>\t\t<\/div>\n\t\t\t\t<\/div>\n\t\t\t\t<div class=\"elementor-element elementor-element-3aaa180 elementor-widget elementor-widget-text-editor\" data-id=\"3aaa180\" data-element_type=\"widget\" data-widget_type=\"text-editor.default\">\n\t\t\t\t<div class=\"elementor-widget-container\">\n\t\t\t<style>\/*! elementor - v3.22.0 - 26-06-2024 *\/\n.elementor-widget-text-editor.elementor-drop-cap-view-stacked .elementor-drop-cap{background-color:#69727d;color:#fff}.elementor-widget-text-editor.elementor-drop-cap-view-framed .elementor-drop-cap{color:#69727d;border:3px solid;background-color:transparent}.elementor-widget-text-editor:not(.elementor-drop-cap-view-default) .elementor-drop-cap{margin-top:8px}.elementor-widget-text-editor:not(.elementor-drop-cap-view-default) .elementor-drop-cap-letter{width:1em;height:1em}.elementor-widget-text-editor .elementor-drop-cap{float:left;text-align:center;line-height:1;font-size:50px}.elementor-widget-text-editor .elementor-drop-cap-letter{display:inline-block}<\/style>\t\t\t\t<ol>\n<li>AMBIENTE E ENERGIA<\/li>\n<li>CIDADES INOVADORAS E INTELIGENTES<\/li>\n<li>MOBILIDADE E TRANSPORTE<\/li>\n<li>PLANEAMENTO REGIONAL E URBANO<\/li>\n<\/ol>\n\t\t\t\t\t\t<\/div>\n\t\t\t\t<\/div>\n\t\t\t\t\t<\/div>\n\t\t\t\t<\/div>\n\t\t<div class=\"elementor-element elementor-element-4d2c383 e-flex e-con-boxed e-con e-parent\" data-id=\"4d2c383\" data-element_type=\"container\" data-settings=\"{&quot;background_background&quot;:&quot;classic&quot;}\">\n\t\t\t\t\t<div class=\"e-con-inner\">\n\t\t\t\t<div class=\"elementor-element elementor-element-0db0925 elementor-widget elementor-widget-heading\" data-id=\"0db0925\" data-element_type=\"widget\" data-widget_type=\"heading.default\">\n\t\t\t\t<div class=\"elementor-widget-container\">\n\t\t\t<h4 class=\"elementor-heading-title elementor-size-default\">T\u00d3PICOS RELACIONADOS CON TEMAS<\/h4>\t\t<\/div>\n\t\t\t\t<\/div>\n\t\t\t\t<div class=\"elementor-element elementor-element-d973a13 elementor-widget elementor-widget-text-editor\" data-id=\"d973a13\" data-element_type=\"widget\" data-widget_type=\"text-editor.default\">\n\t\t\t\t<div class=\"elementor-widget-container\">\n\t\t\t\t\t\t\t<p>1 \u2013 Acessibilidade e mobilidade urbanas<br \/>2 \u2013 Ambiente do espa\u00e7o constru\u00eddo<br \/>3 \u2013 An\u00e1lise espacial<br \/>4 \u2013 Aspetos ambientais do transporte<br \/>5 \u2013 Cidades climaticamente neutras e inteligentes<br \/>6 \u2013 Cidades e regi\u00f5es digitais<br \/>7 \u2013 Clima, planeamento, reabilita\u00e7\u00e3o ambiental e ecologia urbana<br \/>8 \u2013 Conforto ambiental em espa\u00e7os urbanos<br \/>9 \u2013 Educa\u00e7\u00e3o e transfer\u00eancia de tecnologia<br \/>10 \u2013 Equidade e inclus\u00e3o no planeamento<br \/>11 \u2013 Efeitos urbanos e regionais e pol\u00edticas p\u00fablicas decorrentes da COVID-19<br \/>12 \u2013 Ergodesign e usabilidade nos espa\u00e7os urbanos<br \/>13 \u2013 Espa\u00e7os urbanos como espa\u00e7os tur\u00edsticos<br \/>14 \u2013 Espa\u00e7os verdes no planeamento urbano sustent\u00e1vel e resiliente<br \/>15 \u2013 Estat\u00edstica espacial<br \/>16 \u2013 Geom\u00e1tica aplicada \u00e0 gest\u00e3o do territ\u00f3rio<br \/>17 \u2013 Gest\u00e3o ambiental<br \/>18 \u2013 Gest\u00e3o de infraestruturas<br \/>19 \u2013 Habita\u00e7\u00e3o e reabilita\u00e7\u00e3o no espa\u00e7o constru\u00eddo<br \/>20 \u2013 Integra\u00e7\u00e3o entre uso do solo e transportes<br \/>21 \u2013 Intelig\u00eancia artificial no planeamento, conce\u00e7\u00e3o e gest\u00e3o de cidades e territ\u00f3rios<br \/>22 \u2013 Planeamento e gest\u00e3o do uso do solo<br \/>23 \u2013 Planeamento sustent\u00e1vel<br \/>24 \u2013 Planeamento, organiza\u00e7\u00e3o e sustentabilidade em eventos<br \/>25 \u2013 Qualidade de vida urbana<br \/>26 \u2013 Quest\u00f5es socioambientais<br \/>27 \u2013 Quest\u00f5es socioecon\u00f3micas<br \/>28 \u2013 Simula\u00e7\u00f5es ambientais<br \/>29 \u2013 Sistemas de apoio \u00e0 decis\u00e3o<br \/>30 \u2013 Sistemas de apoio ao planeamento<br \/>31 \u2013 Sistemas de emerg\u00eancia e seguran\u00e7a em meio urbano<br \/>32 \u2013 Sistemas de informa\u00e7\u00e3o e sistemas de informa\u00e7\u00e3o geogr\u00e1fica<br \/>33 \u2013 Sistemas urbanos resilientes<br \/>34 \u2013 Sustentabilidade e efici\u00eancia na log\u00edstica<br \/>35 \u2013 Sustentabilidade em transportes<br \/>36 \u2013 Transi\u00e7\u00e3o energ\u00e9tica sustent\u00e1vel e descarboniza\u00e7\u00e3o<\/p>\n\t\t\t\t\t\t<\/div>\n\t\t\t\t<\/div>\n\t\t\t\t\t<\/div>\n\t\t\t\t<\/div>\n\t\t\t\t<\/div>\n\t\t","protected":false},"excerpt":{"rendered":"<p>Temas y t\u00f3picos TEMAS AMBIENTE E ENERGIA CIDADES INOVADORAS E INTELIGENTES MOBILIDADE E TRANSPORTE PLANEAMENTO REGIONAL E URBANO T\u00d3PICOS RELACIONADOS CON TEMAS 1 \u2013 Acessibilidade e mobilidade urbanas2 \u2013 Ambiente do espa\u00e7o constru\u00eddo3 \u2013 An\u00e1lise espacial4 \u2013 Aspetos ambientais do transporte5 \u2013 Cidades climaticamente neutras e inteligentes6 \u2013 Cidades e regi\u00f5es digitais7 \u2013 Clima, planeamento, [&hellip;]<\/p>\n","protected":false},"author":1,"featured_media":0,"parent":0,"menu_order":0,"comment_status":"closed","ping_status":"closed","template":"","meta":{"site-sidebar-layout":"no-sidebar","site-content-layout":"","ast-site-content-layout":"full-width-container","site-content-style":"default","site-sidebar-style":"default","ast-global-header-display":"","ast-banner-title-visibility":"","ast-main-header-display":"","ast-hfb-above-header-display":"","ast-hfb-below-header-display":"","ast-hfb-mobile-header-display":"","site-post-title":"disabled","ast-breadcrumbs-content":"","ast-featured-img":"disabled","footer-sml-layout":"","theme-transparent-header-meta":"","adv-header-id-meta":"","stick-header-meta":"","header-above-stick-meta":"","header-main-stick-meta":"","header-below-stick-meta":"","astra-migrate-meta-layouts":"default","ast-page-background-enabled":"default","ast-page-background-meta":{"desktop":{"background-color":"var(--ast-global-color-4)","background-image":"","background-repeat":"repeat","background-position":"center center","background-size":"auto","background-attachment":"scroll","background-type":"","background-media":"","overlay-type":"","overlay-color":"","overlay-opacity":"","overlay-gradient":""},"tablet":{"background-color":"","background-image":"","background-repeat":"repeat","background-position":"center center","background-size":"auto","background-attachment":"scroll","background-type":"","background-media":"","overlay-type":"","overlay-color":"","overlay-opacity":"","overlay-gradient":""},"mobile":{"background-color":"","background-image":"","background-repeat":"repeat","background-position":"center center","background-size":"auto","background-attachment":"scroll","background-type":"","background-media":"","overlay-type":"","overlay-color":"","overlay-opacity":"","overlay-gradient":""}},"ast-content-background-meta":{"desktop":{"background-color":"var(--ast-global-color-5)","background-image":"","background-repeat":"repeat","background-position":"center center","background-size":"auto","background-attachment":"scroll","background-type":"","background-media":"","overlay-type":"","overlay-color":"","overlay-opacity":"","overlay-gradient":""},"tablet":{"background-color":"var(--ast-global-color-5)","background-image":"","background-repeat":"repeat","background-position":"center center","background-size":"auto","background-attachment":"scroll","background-type":"","background-media":"","overlay-type":"","overlay-color":"","overlay-opacity":"","overlay-gradient":""},"mobile":{"background-color":"var(--ast-global-color-5)","background-image":"","background-repeat":"repeat","background-position":"center center","background-size":"auto","background-attachment":"scroll","background-type":"","background-media":"","overlay-type":"","overlay-color":"","overlay-opacity":"","overlay-gradient":""}},"footnotes":""},"class_list":["post-817","page","type-page","status-publish","hentry"],"_links":{"self":[{"href":"https:\/\/pluris2024.civil.uminho.pt\/es\/wp-json\/wp\/v2\/pages\/817","targetHints":{"allow":["GET"]}}],"collection":[{"href":"https:\/\/pluris2024.civil.uminho.pt\/es\/wp-json\/wp\/v2\/pages"}],"about":[{"href":"https:\/\/pluris2024.civil.uminho.pt\/es\/wp-json\/wp\/v2\/types\/page"}],"author":[{"embeddable":true,"href":"https:\/\/pluris2024.civil.uminho.pt\/es\/wp-json\/wp\/v2\/users\/1"}],"replies":[{"embeddable":true,"href":"https:\/\/pluris2024.civil.uminho.pt\/es\/wp-json\/wp\/v2\/comments?post=817"}],"version-history":[{"count":1,"href":"https:\/\/pluris2024.civil.uminho.pt\/es\/wp-json\/wp\/v2\/pages\/817\/revisions"}],"predecessor-version":[{"id":818,"href":"https:\/\/pluris2024.civil.uminho.pt\/es\/wp-json\/wp\/v2\/pages\/817\/revisions\/818"}],"wp:attachment":[{"href":"https:\/\/pluris2024.civil.uminho.pt\/es\/wp-json\/wp\/v2\/media?parent=817"}],"curies":[{"name":"wp","href":"https:\/\/api.w.org\/{rel}","templated":true}]}}