{"id":774,"date":"2023-11-06T16:47:05","date_gmt":"2023-11-06T16:47:05","guid":{"rendered":"https:\/\/pluris2024.civil.uminho.pt\/anales\/"},"modified":"2026-04-22T10:35:27","modified_gmt":"2026-04-22T10:35:27","slug":"anales","status":"publish","type":"page","link":"https:\/\/pluris2024.civil.uminho.pt\/es\/anales\/","title":{"rendered":"Anales"},"content":{"rendered":"\t\t<div data-elementor-type=\"wp-page\" data-elementor-id=\"774\" class=\"elementor elementor-774 elementor-217\" data-elementor-post-type=\"page\">\n\t\t\t\t<div class=\"elementor-element elementor-element-f9f65ec e-flex e-con-boxed e-con e-parent\" data-id=\"f9f65ec\" data-element_type=\"container\" data-e-type=\"container\">\n\t\t\t\t\t<div class=\"e-con-inner\">\n\t\t\t\t<div class=\"elementor-element elementor-element-cb41980 elementor-widget elementor-widget-heading\" data-id=\"cb41980\" data-element_type=\"widget\" data-e-type=\"widget\" data-widget_type=\"heading.default\">\n\t\t\t\t<div class=\"elementor-widget-container\">\n\t\t\t\t\t<h2 class=\"elementor-heading-title elementor-size-default\">Anales<\/h2>\t\t\t\t<\/div>\n\t\t\t\t<\/div>\n\t\t\t\t<div class=\"elementor-element elementor-element-2cea7e3 elementor-widget elementor-widget-text-editor\" data-id=\"2cea7e3\" data-element_type=\"widget\" data-e-type=\"widget\" data-widget_type=\"text-editor.default\">\n\t\t\t\t<div class=\"elementor-widget-container\">\n\t\t\t\t\t\t\t\t\t<p style=\"background-position: 0% 0%; background-repeat: repeat; background-attachment: scroll; background-image: none; background-size: auto; background-origin: padding-box; background-clip: border-box;\"><span style=\"font-size: 12pt; font-family: 'Arial', sans-serif;\">Haga <\/span><span style=\"font-size: 12pt; font-family: 'Arial', sans-serif; background-position: 0% 0%; background-repeat: repeat; background-attachment: scroll; background-image: none; background-size: auto; background-origin: padding-box; background-clip: border-box;\"><a href=\"https:\/\/www.civil.uminho.pt\/planning\/Pluris2024\/Atas\/PLURIS2024_Atas.pdf\">clic<\/a> <\/span><span style=\"font-size: 12pt; font-family: 'Arial', sans-serif;\">aqu\u00ed para acceder a la versi\u00f3n definitiva de las actas del X Congreso Luso-Brasile\u00f1o de Planeamiento Urbano, Regional, Integrado y Sostenible, Pluris 2024.<\/span><\/p><p style=\"background-position: 0% 0%; background-repeat: repeat; background-attachment: scroll; background-image: none; background-size: auto; background-origin: padding-box; background-clip: border-box;\"><span style=\"font-family: Arial, sans-serif; font-size: 12pt; font-style: inherit; font-weight: inherit;\">Mendes, J. F. G., Ramos, R. A. R., Rodrigues, D. S., Silva, A. N. R., Magagnin, R. C., &amp; Manzato, G. G. (Eds.). (2024). Livro de atas do 10.\u00ba Congresso Luso-Brasileiro para o Planeamento Urbano, Regional, Integrado e Sustent\u00e1vel (PLURIS 2024). Universidade do Minho. ISSN 2525-7390. <\/span><a style=\"font-family: Arial, sans-serif; font-size: 12pt; font-style: inherit; font-weight: inherit; background-color: #ffffff;\" href=\"https:\/\/doi.org\/10.21814\/pluris24\">https:\/\/doi.org\/10.21814\/pluris24<\/a><\/p><p style=\"background-position: 0% 0%; background-repeat: repeat; background-attachment: scroll; background-image: none; background-size: auto; background-origin: padding-box; background-clip: border-box;\"><span style=\"font-family: Arial, sans-serif; font-size: 12pt; font-style: inherit; font-weight: inherit;\">ISSN<br \/><\/span><span style=\"font-family: Arial, sans-serif; font-size: 12pt; font-style: inherit; font-weight: inherit;\">2525-7390<\/span><\/p><p style=\"background-position: 0% 0%; background-repeat: repeat; background-attachment: scroll; background-image: none; background-size: auto; background-origin: padding-box; background-clip: border-box;\"><span style=\"font-family: Arial, sans-serif; font-size: 12pt; font-style: inherit; font-weight: inherit;\">DOI<br \/><\/span><a style=\"font-family: Arial, sans-serif; font-size: 12pt; font-style: inherit; font-weight: inherit; background-color: #ffffff;\" href=\"https:\/\/doi.org\/10.21814\/pluris24\">10.21814\/pluris24<\/a><\/p><p style=\"background-position: 0% 0%; background-repeat: repeat; background-attachment: scroll; background-image: none; background-size: auto; background-origin: padding-box; background-clip: border-box;\"><span style=\"font-family: Arial, sans-serif; font-size: 12pt; font-style: inherit; font-weight: inherit;\">URI<br \/><\/span><a style=\"font-family: Arial, sans-serif; font-size: 12pt; font-style: inherit; font-weight: inherit; background-color: #ffffff;\" href=\"https:\/\/hdl.handle.net\/1822\/101129\" target=\"_blank\" rel=\"noopener\">https:\/\/hdl.handle.net\/1822\/101129<\/a><\/p>\t\t\t\t\t\t\t\t<\/div>\n\t\t\t\t<\/div>\n\t\t\t\t\t<\/div>\n\t\t\t\t<\/div>\n\t\t\t\t<\/div>\n\t\t","protected":false},"excerpt":{"rendered":"<p>Anales Haga clic aqu\u00ed para acceder a la versi\u00f3n definitiva de las actas del X Congreso Luso-Brasile\u00f1o de Planeamiento Urbano, Regional, Integrado y Sostenible, Pluris 2024. Mendes, J. F. G., Ramos, R. A. R., Rodrigues, D. S., Silva, A. N. R., Magagnin, R. C., &amp; Manzato, G. G. (Eds.). (2024). Livro de atas do 10.\u00ba [&hellip;]<\/p>\n","protected":false},"author":1,"featured_media":0,"parent":0,"menu_order":0,"comment_status":"closed","ping_status":"closed","template":"","meta":{"site-sidebar-layout":"no-sidebar","site-content-layout":"","ast-site-content-layout":"full-width-container","site-content-style":"default","site-sidebar-style":"default","ast-global-header-display":"","ast-banner-title-visibility":"","ast-main-header-display":"","ast-hfb-above-header-display":"","ast-hfb-below-header-display":"","ast-hfb-mobile-header-display":"","site-post-title":"disabled","ast-breadcrumbs-content":"","ast-featured-img":"disabled","footer-sml-layout":"","ast-disable-related-posts":"","theme-transparent-header-meta":"","adv-header-id-meta":"","stick-header-meta":"","header-above-stick-meta":"","header-main-stick-meta":"","header-below-stick-meta":"","astra-migrate-meta-layouts":"default","ast-page-background-enabled":"default","ast-page-background-meta":{"desktop":{"background-color":"var(--ast-global-color-4)","background-image":"","background-repeat":"repeat","background-position":"center center","background-size":"auto","background-attachment":"scroll","background-type":"","background-media":"","overlay-type":"","overlay-color":"","overlay-opacity":"","overlay-gradient":""},"tablet":{"background-color":"","background-image":"","background-repeat":"repeat","background-position":"center center","background-size":"auto","background-attachment":"scroll","background-type":"","background-media":"","overlay-type":"","overlay-color":"","overlay-opacity":"","overlay-gradient":""},"mobile":{"background-color":"","background-image":"","background-repeat":"repeat","background-position":"center center","background-size":"auto","background-attachment":"scroll","background-type":"","background-media":"","overlay-type":"","overlay-color":"","overlay-opacity":"","overlay-gradient":""}},"ast-content-background-meta":{"desktop":{"background-color":"var(--ast-global-color-5)","background-image":"","background-repeat":"repeat","background-position":"center center","background-size":"auto","background-attachment":"scroll","background-type":"","background-media":"","overlay-type":"","overlay-color":"","overlay-opacity":"","overlay-gradient":""},"tablet":{"background-color":"var(--ast-global-color-5)","background-image":"","background-repeat":"repeat","background-position":"center center","background-size":"auto","background-attachment":"scroll","background-type":"","background-media":"","overlay-type":"","overlay-color":"","overlay-opacity":"","overlay-gradient":""},"mobile":{"background-color":"var(--ast-global-color-5)","background-image":"","background-repeat":"repeat","background-position":"center center","background-size":"auto","background-attachment":"scroll","background-type":"","background-media":"","overlay-type":"","overlay-color":"","overlay-opacity":"","overlay-gradient":""}},"footnotes":""},"class_list":["post-774","page","type-page","status-publish","hentry"],"_links":{"self":[{"href":"https:\/\/pluris2024.civil.uminho.pt\/es\/wp-json\/wp\/v2\/pages\/774","targetHints":{"allow":["GET"]}}],"collection":[{"href":"https:\/\/pluris2024.civil.uminho.pt\/es\/wp-json\/wp\/v2\/pages"}],"about":[{"href":"https:\/\/pluris2024.civil.uminho.pt\/es\/wp-json\/wp\/v2\/types\/page"}],"author":[{"embeddable":true,"href":"https:\/\/pluris2024.civil.uminho.pt\/es\/wp-json\/wp\/v2\/users\/1"}],"replies":[{"embeddable":true,"href":"https:\/\/pluris2024.civil.uminho.pt\/es\/wp-json\/wp\/v2\/comments?post=774"}],"version-history":[{"count":7,"href":"https:\/\/pluris2024.civil.uminho.pt\/es\/wp-json\/wp\/v2\/pages\/774\/revisions"}],"predecessor-version":[{"id":1216,"href":"https:\/\/pluris2024.civil.uminho.pt\/es\/wp-json\/wp\/v2\/pages\/774\/revisions\/1216"}],"wp:attachment":[{"href":"https:\/\/pluris2024.civil.uminho.pt\/es\/wp-json\/wp\/v2\/media?parent=774"}],"curies":[{"name":"wp","href":"https:\/\/api.w.org\/{rel}","templated":true}]}}