{"id":750,"date":"2023-11-06T16:47:05","date_gmt":"2023-11-06T16:47:05","guid":{"rendered":"https:\/\/pluris2024.civil.uminho.pt\/ubicacion\/"},"modified":"2024-10-16T09:08:35","modified_gmt":"2024-10-16T09:08:35","slug":"ubicacion","status":"publish","type":"page","link":"https:\/\/pluris2024.civil.uminho.pt\/es\/ubicacion\/","title":{"rendered":"Ubicaci\u00f3n"},"content":{"rendered":"\t\t<div data-elementor-type=\"wp-page\" data-elementor-id=\"750\" class=\"elementor elementor-750 elementor-219\" data-elementor-post-type=\"page\">\n\t\t\t\t<div class=\"elementor-element elementor-element-9508a11 e-flex e-con-boxed e-con e-parent\" data-id=\"9508a11\" data-element_type=\"container\">\n\t\t\t\t\t<div class=\"e-con-inner\">\n\t\t\t\t<div class=\"elementor-element elementor-element-3483cbc elementor-widget elementor-widget-heading\" data-id=\"3483cbc\" data-element_type=\"widget\" data-widget_type=\"heading.default\">\n\t\t\t\t<div class=\"elementor-widget-container\">\n\t\t\t<style>\/*! elementor - v3.22.0 - 26-06-2024 *\/\n.elementor-heading-title{padding:0;margin:0;line-height:1}.elementor-widget-heading .elementor-heading-title[class*=elementor-size-]>a{color:inherit;font-size:inherit;line-height:inherit}.elementor-widget-heading .elementor-heading-title.elementor-size-small{font-size:15px}.elementor-widget-heading .elementor-heading-title.elementor-size-medium{font-size:19px}.elementor-widget-heading .elementor-heading-title.elementor-size-large{font-size:29px}.elementor-widget-heading .elementor-heading-title.elementor-size-xl{font-size:39px}.elementor-widget-heading .elementor-heading-title.elementor-size-xxl{font-size:59px}<\/style><h2 class=\"elementor-heading-title elementor-size-default\">Ubicaci\u00f3n<\/h2>\t\t<\/div>\n\t\t\t\t<\/div>\n\t\t\t\t\t<\/div>\n\t\t\t\t<\/div>\n\t\t<div class=\"elementor-element elementor-element-74c5e2a e-flex e-con-boxed e-con e-parent\" data-id=\"74c5e2a\" data-element_type=\"container\">\n\t\t\t\t\t<div class=\"e-con-inner\">\n\t\t\t\t<div class=\"elementor-element elementor-element-599f85e elementor-widget elementor-widget-text-editor\" data-id=\"599f85e\" data-element_type=\"widget\" data-widget_type=\"text-editor.default\">\n\t\t\t\t<div class=\"elementor-widget-container\">\n\t\t\t<style>\/*! elementor - v3.22.0 - 26-06-2024 *\/\n.elementor-widget-text-editor.elementor-drop-cap-view-stacked .elementor-drop-cap{background-color:#69727d;color:#fff}.elementor-widget-text-editor.elementor-drop-cap-view-framed .elementor-drop-cap{color:#69727d;border:3px solid;background-color:transparent}.elementor-widget-text-editor:not(.elementor-drop-cap-view-default) .elementor-drop-cap{margin-top:8px}.elementor-widget-text-editor:not(.elementor-drop-cap-view-default) .elementor-drop-cap-letter{width:1em;height:1em}.elementor-widget-text-editor .elementor-drop-cap{float:left;text-align:center;line-height:1;font-size:50px}.elementor-widget-text-editor .elementor-drop-cap-letter{display:inline-block}<\/style>\t\t\t\t<p><b>PLURIS&#8217;24<\/b> se celebrar\u00e1 en la Universidad del Minho, Campus de Azur\u00e9m, en Guimar\u00e3es, Portugal. Los idiomas de trabajo del congreso ser\u00e1n portugu\u00e9s, <span style=\"font-size: 16px; font-style: normal; font-weight: 400;\">ingl\u00e9s<\/span> y espa\u00f1ol.<\/p>\n<p><span style=\"font-style: inherit; font-weight: inherit; background-color: var(--ast-global-color-5); color: var(--ast-global-color-3);\"><br \/>Guimar\u00e3es, situada en el norte de Portugal, se encuentra a unos 40 minutos del Aeropuerto Internacional de Oporto. Es una de las ciudades hist\u00f3ricas m\u00e1s importantes del pa\u00eds, considerada la \u00abCuna de Portugal\u00bb.<br \/><\/span><span style=\"font-style: inherit; font-weight: inherit; background-color: var(--ast-global-color-5); color: var(--ast-global-color-3);\"><br \/>Su Centro Hist\u00f3rico, uno de los mayores centros tur\u00edsticos de la regi\u00f3n, fue reconocido como Patrimonio Cultural de la Humanidad por la UNESCO en 2001. En 2012, Guimar\u00e3es fue Capital Europea de la Cultura y, recientemente, ha sido considerada una de las ciudades peque\u00f1as m\u00e1s bonitas para visitar en Europa.<\/span><\/p>\n\t\t\t\t\t\t<\/div>\n\t\t\t\t<\/div>\n\t\t\t\t\t<\/div>\n\t\t\t\t<\/div>\n\t\t<div class=\"elementor-element elementor-element-9f51a17 e-flex e-con-boxed e-con e-parent\" data-id=\"9f51a17\" data-element_type=\"container\">\n\t\t\t\t\t<div class=\"e-con-inner\">\n\t\t\t\t<div class=\"elementor-element elementor-element-62b2c45 elementor-widget elementor-widget-text-editor\" data-id=\"62b2c45\" data-element_type=\"widget\" data-widget_type=\"text-editor.default\">\n\t\t\t\t<div class=\"elementor-widget-container\">\n\t\t\t\t\t\t\t<p>El congreso tendr\u00e1 lugar en el Auditorio Noble y los Anfiteatros adyacentes (Edificio 1) del Campus de Azur\u00e9m de la Universidad del Minho.<\/p>\n\t\t\t\t\t\t<\/div>\n\t\t\t\t<\/div>\n\t\t\t\t\t<\/div>\n\t\t\t\t<\/div>\n\t\t<div class=\"elementor-element elementor-element-29899f3 e-flex e-con-boxed e-con e-child\" data-id=\"29899f3\" data-element_type=\"container\">\n\t\t\t\t\t<div class=\"e-con-inner\">\n\t\t\t\t<div class=\"elementor-element elementor-element-233fe16 elementor-widget elementor-widget-text-editor\" data-id=\"233fe16\" data-element_type=\"widget\" data-widget_type=\"text-editor.default\">\n\t\t\t\t<div class=\"elementor-widget-container\">\n\t\t\t\t\t\t\t<p>Rodeado de zonas verdes y con acceso a v\u00edas peatonales y ciclistas, el Campus de Azur\u00e9m est\u00e1 a unos 15 minutos a pie del centro hist\u00f3rico de la ciudad y es f\u00e1cilmente accesible en transporte p\u00fablico.<\/p>\n\t\t\t\t\t\t<\/div>\n\t\t\t\t<\/div>\n\t\t\t\t<div class=\"elementor-element elementor-element-f1e3708 elementor-widget elementor-widget-heading\" data-id=\"f1e3708\" data-element_type=\"widget\" data-widget_type=\"heading.default\">\n\t\t\t\t<div class=\"elementor-widget-container\">\n\t\t\t<h2 class=\"elementor-heading-title elementor-size-default\">Orientaci\u00f3n en el campus y ubicaci\u00f3n de la cena<\/h2>\t\t<\/div>\n\t\t\t\t<\/div>\n\t\t\t\t<div class=\"elementor-element elementor-element-9a12fa8 elementor-widget elementor-widget-text-editor\" data-id=\"9a12fa8\" data-element_type=\"widget\" data-widget_type=\"text-editor.default\">\n\t\t\t\t<div class=\"elementor-widget-container\">\n\t\t\t\t\t\t\t<p>Para facilitar la orientaci\u00f3n en el campus y localizar las salas de las presentaciones y la cafeter\u00eda donde se servir\u00e1n los almuerzos, puede consultar el siguiente documento en formato <a href=\"https:\/\/pluris2024.civil.uminho.pt\/wp-content\/uploads\/2024\/10\/PLURIS2024-Mapa-do-Congresso.pdf\">PDF<\/a>.<\/p>\t\t\t\t\t\t<\/div>\n\t\t\t\t<\/div>\n\t\t\t\t\t<\/div>\n\t\t\t\t<\/div>\n\t\t<div class=\"elementor-element elementor-element-8d7166d e-flex e-con-boxed e-con e-parent\" data-id=\"8d7166d\" data-element_type=\"container\">\n\t\t\t\t\t<div class=\"e-con-inner\">\n\t\t<div class=\"elementor-element elementor-element-c52e3b4 e-con-full e-flex e-con e-child\" data-id=\"c52e3b4\" data-element_type=\"container\">\n\t\t\t\t<div class=\"elementor-element elementor-element-567b483 elementor-vertical-align-top elementor-widget elementor-widget-image-box\" data-id=\"567b483\" data-element_type=\"widget\" data-widget_type=\"image-box.default\">\n\t\t\t\t<div class=\"elementor-widget-container\">\n\t\t\t<style>\/*! elementor - v3.22.0 - 26-06-2024 *\/\n.elementor-widget-image-box .elementor-image-box-content{width:100%}@media (min-width:768px){.elementor-widget-image-box.elementor-position-left .elementor-image-box-wrapper,.elementor-widget-image-box.elementor-position-right .elementor-image-box-wrapper{display:flex}.elementor-widget-image-box.elementor-position-right .elementor-image-box-wrapper{text-align:end;flex-direction:row-reverse}.elementor-widget-image-box.elementor-position-left .elementor-image-box-wrapper{text-align:start;flex-direction:row}.elementor-widget-image-box.elementor-position-top .elementor-image-box-img{margin:auto}.elementor-widget-image-box.elementor-vertical-align-top .elementor-image-box-wrapper{align-items:flex-start}.elementor-widget-image-box.elementor-vertical-align-middle .elementor-image-box-wrapper{align-items:center}.elementor-widget-image-box.elementor-vertical-align-bottom .elementor-image-box-wrapper{align-items:flex-end}}@media (max-width:767px){.elementor-widget-image-box .elementor-image-box-img{margin-left:auto!important;margin-right:auto!important;margin-bottom:15px}}.elementor-widget-image-box .elementor-image-box-img{display:inline-block}.elementor-widget-image-box .elementor-image-box-title a{color:inherit}.elementor-widget-image-box .elementor-image-box-wrapper{text-align:center}.elementor-widget-image-box .elementor-image-box-description{margin:0}<\/style><div class=\"elementor-image-box-wrapper\"><div class=\"elementor-image-box-content\"><h3 class=\"elementor-image-box-title\">Alojamiento en Guimar\u00e3es<\/h3><\/div><\/div>\t\t<\/div>\n\t\t\t\t<\/div>\n\t\t\t\t<div class=\"elementor-element elementor-element-d5dc589 elementor-widget elementor-widget-text-editor\" data-id=\"d5dc589\" data-element_type=\"widget\" data-widget_type=\"text-editor.default\">\n\t\t\t\t<div class=\"elementor-widget-container\">\n\t\t\t\t\t\t\t<p>La ciudad de Guimar\u00e3es ofrece diversas opciones de alojamiento relativamente cerca del Campus de Azur\u00e9m. Recomenda-se uma visita \u00e0 p\u00e1gina web do Turismo de Guimar\u00e3es para informa\u00e7\u00e3o detalhada e atualizada. Para obtener informaci\u00f3n detallada y actualizada, se recomienda visitar la p\u00e1gina web del <strong><a href=\"https:\/\/www.visitguimaraes.travel\/\" target=\"_blank\" rel=\"noopener\">Turismo de Guimar\u00e3es<\/a><\/strong>.<\/p>\n\t\t\t\t\t\t<\/div>\n\t\t\t\t<\/div>\n\t\t\t\t<div class=\"elementor-element elementor-element-e40a41f elementor-widget elementor-widget-heading\" data-id=\"e40a41f\" data-element_type=\"widget\" data-widget_type=\"heading.default\">\n\t\t\t\t<div class=\"elementor-widget-container\">\n\t\t\t<h3 class=\"elementor-heading-title elementor-size-default\">M\u00e1s informaci\u00f3n<\/h3>\t\t<\/div>\n\t\t\t\t<\/div>\n\t\t\t\t<div class=\"elementor-element elementor-element-86e4fb5 elementor-widget elementor-widget-text-editor\" data-id=\"86e4fb5\" data-element_type=\"widget\" data-widget_type=\"text-editor.default\">\n\t\t\t\t<div class=\"elementor-widget-container\">\n\t\t\t\t\t\t\t<ul>\n<li><a href=\"https:\/\/www.uminho.pt\/PT\/viver\/os-campi\/Paginas\/Descricao.aspx\" target=\"_blank\" rel=\"noopener\">https:\/\/www.uminho.pt\/PT\/viver\/os-campi\/Paginas\/Descricao.aspx<\/a><\/li>\n<li><a href=\"https:\/\/www.uminho.pt\/PT\/viver\/os-campi\/Paginas\/Plantas.aspx\" target=\"_blank\" rel=\"noopener\">https:\/\/www.uminho.pt\/PT\/viver\/os-campi\/Paginas\/Plantas.aspx<\/a><\/li>\n<li><a href=\"https:\/\/www.uminho.pt\/PT\/viver\/guimaraes\" target=\"_blank\" rel=\"noopener\">https:\/\/www.uminho.pt\/PT\/viver\/guimaraes<\/a><\/li>\n<\/ul>\n\t\t\t\t\t\t<\/div>\n\t\t\t\t<\/div>\n\t\t\t\t<\/div>\n\t\t\t\t\t<\/div>\n\t\t\t\t<\/div>\n\t\t\t\t<\/div>\n\t\t","protected":false},"excerpt":{"rendered":"<p>Ubicaci\u00f3n PLURIS&#8217;24 se celebrar\u00e1 en la Universidad del Minho, Campus de Azur\u00e9m, en Guimar\u00e3es, Portugal. Los idiomas de trabajo del congreso ser\u00e1n portugu\u00e9s, ingl\u00e9s y espa\u00f1ol. Guimar\u00e3es, situada en el norte de Portugal, se encuentra a unos 40 minutos del Aeropuerto Internacional de Oporto. Es una de las ciudades hist\u00f3ricas m\u00e1s importantes del pa\u00eds, considerada [&hellip;]<\/p>\n","protected":false},"author":1,"featured_media":0,"parent":0,"menu_order":0,"comment_status":"closed","ping_status":"closed","template":"","meta":{"site-sidebar-layout":"no-sidebar","site-content-layout":"","ast-site-content-layout":"full-width-container","site-content-style":"default","site-sidebar-style":"default","ast-global-header-display":"","ast-banner-title-visibility":"","ast-main-header-display":"","ast-hfb-above-header-display":"","ast-hfb-below-header-display":"","ast-hfb-mobile-header-display":"","site-post-title":"disabled","ast-breadcrumbs-content":"","ast-featured-img":"disabled","footer-sml-layout":"","theme-transparent-header-meta":"","adv-header-id-meta":"","stick-header-meta":"","header-above-stick-meta":"","header-main-stick-meta":"","header-below-stick-meta":"","astra-migrate-meta-layouts":"default","ast-page-background-enabled":"default","ast-page-background-meta":{"desktop":{"background-color":"var(--ast-global-color-4)","background-image":"","background-repeat":"repeat","background-position":"center center","background-size":"auto","background-attachment":"scroll","background-type":"","background-media":"","overlay-type":"","overlay-color":"","overlay-opacity":"","overlay-gradient":""},"tablet":{"background-color":"","background-image":"","background-repeat":"repeat","background-position":"center center","background-size":"auto","background-attachment":"scroll","background-type":"","background-media":"","overlay-type":"","overlay-color":"","overlay-opacity":"","overlay-gradient":""},"mobile":{"background-color":"","background-image":"","background-repeat":"repeat","background-position":"center center","background-size":"auto","background-attachment":"scroll","background-type":"","background-media":"","overlay-type":"","overlay-color":"","overlay-opacity":"","overlay-gradient":""}},"ast-content-background-meta":{"desktop":{"background-color":"var(--ast-global-color-5)","background-image":"","background-repeat":"repeat","background-position":"center center","background-size":"auto","background-attachment":"scroll","background-type":"","background-media":"","overlay-type":"","overlay-color":"","overlay-opacity":"","overlay-gradient":""},"tablet":{"background-color":"var(--ast-global-color-5)","background-image":"","background-repeat":"repeat","background-position":"center center","background-size":"auto","background-attachment":"scroll","background-type":"","background-media":"","overlay-type":"","overlay-color":"","overlay-opacity":"","overlay-gradient":""},"mobile":{"background-color":"var(--ast-global-color-5)","background-image":"","background-repeat":"repeat","background-position":"center center","background-size":"auto","background-attachment":"scroll","background-type":"","background-media":"","overlay-type":"","overlay-color":"","overlay-opacity":"","overlay-gradient":""}},"footnotes":""},"class_list":["post-750","page","type-page","status-publish","hentry"],"_links":{"self":[{"href":"https:\/\/pluris2024.civil.uminho.pt\/es\/wp-json\/wp\/v2\/pages\/750","targetHints":{"allow":["GET"]}}],"collection":[{"href":"https:\/\/pluris2024.civil.uminho.pt\/es\/wp-json\/wp\/v2\/pages"}],"about":[{"href":"https:\/\/pluris2024.civil.uminho.pt\/es\/wp-json\/wp\/v2\/types\/page"}],"author":[{"embeddable":true,"href":"https:\/\/pluris2024.civil.uminho.pt\/es\/wp-json\/wp\/v2\/users\/1"}],"replies":[{"embeddable":true,"href":"https:\/\/pluris2024.civil.uminho.pt\/es\/wp-json\/wp\/v2\/comments?post=750"}],"version-history":[{"count":6,"href":"https:\/\/pluris2024.civil.uminho.pt\/es\/wp-json\/wp\/v2\/pages\/750\/revisions"}],"predecessor-version":[{"id":1105,"href":"https:\/\/pluris2024.civil.uminho.pt\/es\/wp-json\/wp\/v2\/pages\/750\/revisions\/1105"}],"wp:attachment":[{"href":"https:\/\/pluris2024.civil.uminho.pt\/es\/wp-json\/wp\/v2\/media?parent=750"}],"curies":[{"name":"wp","href":"https:\/\/api.w.org\/{rel}","templated":true}]}}