{"id":748,"date":"2023-11-06T16:47:05","date_gmt":"2023-11-06T16:47:05","guid":{"rendered":"https:\/\/pluris2024.civil.uminho.pt\/presentacion\/"},"modified":"2024-07-03T14:51:40","modified_gmt":"2024-07-03T14:51:40","slug":"presentacion","status":"publish","type":"page","link":"https:\/\/pluris2024.civil.uminho.pt\/es\/presentacion\/","title":{"rendered":"Presentaci\u00f3n"},"content":{"rendered":"\t\t<div data-elementor-type=\"wp-page\" data-elementor-id=\"748\" class=\"elementor elementor-748 elementor-211\" data-elementor-post-type=\"page\">\n\t\t\t\t<div class=\"elementor-element elementor-element-167140d e-flex e-con-boxed e-con e-parent\" data-id=\"167140d\" data-element_type=\"container\" data-e-type=\"container\">\n\t\t\t\t\t<div class=\"e-con-inner\">\n\t\t\t\t<div class=\"elementor-element elementor-element-d98caf1 elementor-widget elementor-widget-heading\" data-id=\"d98caf1\" data-element_type=\"widget\" data-e-type=\"widget\" data-widget_type=\"heading.default\">\n\t\t\t\t<div class=\"elementor-widget-container\">\n\t\t\t\t\t<h2 class=\"elementor-heading-title elementor-size-default\">Presentaci\u00f3n <\/h2>\t\t\t\t<\/div>\n\t\t\t\t<\/div>\n\t\t\t\t<div class=\"elementor-element elementor-element-6709d31 elementor-widget elementor-widget-text-editor\" data-id=\"6709d31\" data-element_type=\"widget\" data-e-type=\"widget\" data-widget_type=\"text-editor.default\">\n\t\t\t\t<div class=\"elementor-widget-container\">\n\t\t\t\t\t\t\t\t\t<p><b>PLURIS <\/b> es una serie bienal de congresos sobre Planeamiento Urbano, Regional, Integrado y Sostenible, iniciada en 2005 como fruto de la colaboraci\u00f3n entre investigadores portugueses y brasile\u00f1os. El congreso se celebra de forma alterna en Brasil y Portugal.<\/p>\n<p>Desde su primera edici\u00f3n, <b>PLURIS<\/b> ha conservado una gran multidisciplinariedad, integrando comunicaciones sobre los grandes temas que estructuran los sistemas regionales y urbanos, incluidos todos sus subsistemas como la planificaci\u00f3n, la gesti\u00f3n, el entorno natural y construido, la movilidad y la energ\u00eda.<\/p>\n<p>Neste regresso a Portugal, a cidade de Guimar\u00e3es receber\u00e1, nos dias 16 a 18 de outubro de 2024, a 10\u00aa edi\u00e7\u00e3o do PLURIS, cuja tem\u00e1tica central s\u00e3o as \u201cCidades e Territ\u00f3rios em Transi\u00e7\u00e3o\u201d. En su regreso a Portugal, la ciudad de Guimar\u00e3es acoger\u00e1 la d\u00e9cima edici\u00f3n de <b>PLURIS<\/b>, <b>del 16 al 18 de octubre de 2024<\/b>. El tema central ser\u00e1 \u00abCiudades y Territorios en Transici\u00f3n\u00bb. Los espacios urbanos son un escenario natural para las llamadas transiciones gemelas: digital y clim\u00e1tica. Sin embargo, esta metamorfosis no debe poner en peligro la misi\u00f3n de las ciudades como espacio de concentraci\u00f3n de capital humano, social, intelectual, natural y democr\u00e1tico. Por ello, se espera que los participantes compartan sus conocimientos, experiencias y casos concretos sobre los conceptos, las palancas y el ritmo de esta transici\u00f3n.<\/p>\n<p>La propia ciudad de Guimar\u00e3es es un notable caso de reinvenci\u00f3n. Fundada hace unos 900 a\u00f1os como cuna de Portugal, hoy en d\u00eda es un icono europeo de la conservaci\u00f3n urbana, con su centro hist\u00f3rico clasificado como Patrimonio de la Humanidad por la UNESCO. En 2012 fue Capital Europea de la Cultura y actualmente es una de las 100 ciudades seleccionadas por la Comisi\u00f3n Europea para la iniciativa \u00abCiudades en Misi\u00f3n\u00bb, cuyo objetivo es alcanzar la neutralidad clim\u00e1tica en 2030.<\/p>\n<p>En esta d\u00e9cima edici\u00f3n, <b>PLURIS<\/b> se asocia con la Fundaci\u00f3n Mestre Casais, que adem\u00e1s de socio estrat\u00e9gico, organizar\u00e1 la Conferencia Plenaria de Apertura del congreso.<\/p>\n<p>A Comiss\u00e3o Organizadora vem assim convidar todos os investigadores, docentes, estudantes e profissionais a juntarem-se a n\u00f3s em Guimar\u00e3es, nos dias 16 a 18 de outubro de 2024, para participar no PLURIS\u20192024, agradecendo que divulguem este convite. El Comit\u00e9 Organizador invita a todos los investigadores, docentes, estudiantes y profesionales a unirse a nosotros en Guimar\u00e3es del <b>16 al 18 de octubre de 2024<\/b> para participar en <b>PLURIS&#8217;24<\/b>. Le rogamos que difunda esta invitaci\u00f3n.<\/p>\t\t\t\t\t\t\t\t<\/div>\n\t\t\t\t<\/div>\n\t\t\t\t\t<\/div>\n\t\t\t\t<\/div>\n\t\t\t\t<\/div>\n\t\t","protected":false},"excerpt":{"rendered":"<p>Presentaci\u00f3n PLURIS es una serie bienal de congresos sobre Planeamiento Urbano, Regional, Integrado y Sostenible, iniciada en 2005 como fruto de la colaboraci\u00f3n entre investigadores portugueses y brasile\u00f1os. El congreso se celebra de forma alterna en Brasil y Portugal. Desde su primera edici\u00f3n, PLURIS ha conservado una gran multidisciplinariedad, integrando comunicaciones sobre los grandes temas [&hellip;]<\/p>\n","protected":false},"author":1,"featured_media":0,"parent":0,"menu_order":0,"comment_status":"closed","ping_status":"closed","template":"","meta":{"site-sidebar-layout":"no-sidebar","site-content-layout":"","ast-site-content-layout":"full-width-container","site-content-style":"default","site-sidebar-style":"default","ast-global-header-display":"","ast-banner-title-visibility":"","ast-main-header-display":"","ast-hfb-above-header-display":"","ast-hfb-below-header-display":"","ast-hfb-mobile-header-display":"","site-post-title":"disabled","ast-breadcrumbs-content":"","ast-featured-img":"disabled","footer-sml-layout":"","ast-disable-related-posts":"","theme-transparent-header-meta":"","adv-header-id-meta":"","stick-header-meta":"","header-above-stick-meta":"","header-main-stick-meta":"","header-below-stick-meta":"","astra-migrate-meta-layouts":"default","ast-page-background-enabled":"default","ast-page-background-meta":{"desktop":{"background-color":"var(--ast-global-color-4)","background-image":"","background-repeat":"repeat","background-position":"center center","background-size":"auto","background-attachment":"scroll","background-type":"","background-media":"","overlay-type":"","overlay-color":"","overlay-opacity":"","overlay-gradient":""},"tablet":{"background-color":"","background-image":"","background-repeat":"repeat","background-position":"center center","background-size":"auto","background-attachment":"scroll","background-type":"","background-media":"","overlay-type":"","overlay-color":"","overlay-opacity":"","overlay-gradient":""},"mobile":{"background-color":"","background-image":"","background-repeat":"repeat","background-position":"center center","background-size":"auto","background-attachment":"scroll","background-type":"","background-media":"","overlay-type":"","overlay-color":"","overlay-opacity":"","overlay-gradient":""}},"ast-content-background-meta":{"desktop":{"background-color":"var(--ast-global-color-5)","background-image":"","background-repeat":"repeat","background-position":"center center","background-size":"auto","background-attachment":"scroll","background-type":"","background-media":"","overlay-type":"","overlay-color":"","overlay-opacity":"","overlay-gradient":""},"tablet":{"background-color":"var(--ast-global-color-5)","background-image":"","background-repeat":"repeat","background-position":"center center","background-size":"auto","background-attachment":"scroll","background-type":"","background-media":"","overlay-type":"","overlay-color":"","overlay-opacity":"","overlay-gradient":""},"mobile":{"background-color":"var(--ast-global-color-5)","background-image":"","background-repeat":"repeat","background-position":"center center","background-size":"auto","background-attachment":"scroll","background-type":"","background-media":"","overlay-type":"","overlay-color":"","overlay-opacity":"","overlay-gradient":""}},"footnotes":""},"class_list":["post-748","page","type-page","status-publish","hentry"],"_links":{"self":[{"href":"https:\/\/pluris2024.civil.uminho.pt\/es\/wp-json\/wp\/v2\/pages\/748","targetHints":{"allow":["GET"]}}],"collection":[{"href":"https:\/\/pluris2024.civil.uminho.pt\/es\/wp-json\/wp\/v2\/pages"}],"about":[{"href":"https:\/\/pluris2024.civil.uminho.pt\/es\/wp-json\/wp\/v2\/types\/page"}],"author":[{"embeddable":true,"href":"https:\/\/pluris2024.civil.uminho.pt\/es\/wp-json\/wp\/v2\/users\/1"}],"replies":[{"embeddable":true,"href":"https:\/\/pluris2024.civil.uminho.pt\/es\/wp-json\/wp\/v2\/comments?post=748"}],"version-history":[{"count":3,"href":"https:\/\/pluris2024.civil.uminho.pt\/es\/wp-json\/wp\/v2\/pages\/748\/revisions"}],"predecessor-version":[{"id":878,"href":"https:\/\/pluris2024.civil.uminho.pt\/es\/wp-json\/wp\/v2\/pages\/748\/revisions\/878"}],"wp:attachment":[{"href":"https:\/\/pluris2024.civil.uminho.pt\/es\/wp-json\/wp\/v2\/media?parent=748"}],"curies":[{"name":"wp","href":"https:\/\/api.w.org\/{rel}","templated":true}]}}