{"id":792,"date":"2023-11-06T16:47:05","date_gmt":"2023-11-06T16:47:05","guid":{"rendered":"https:\/\/pluris2024.civil.uminho.pt\/organization\/"},"modified":"2024-10-23T18:03:09","modified_gmt":"2024-10-23T18:03:09","slug":"organization","status":"publish","type":"page","link":"https:\/\/pluris2024.civil.uminho.pt\/en\/organization\/","title":{"rendered":"Organization"},"content":{"rendered":"\t\t<div data-elementor-type=\"wp-page\" data-elementor-id=\"792\" class=\"elementor elementor-792 elementor-212\" data-elementor-post-type=\"page\">\n\t\t\t\t<div class=\"elementor-element elementor-element-4304503e e-flex e-con-boxed e-con e-parent\" data-id=\"4304503e\" data-element_type=\"container\">\n\t\t\t\t\t<div class=\"e-con-inner\">\n\t\t\t\t<div class=\"elementor-element elementor-element-9a0676c elementor-widget elementor-widget-heading\" data-id=\"9a0676c\" data-element_type=\"widget\" data-widget_type=\"heading.default\">\n\t\t\t\t<div class=\"elementor-widget-container\">\n\t\t\t<style>\/*! elementor - v3.22.0 - 26-06-2024 *\/\n.elementor-heading-title{padding:0;margin:0;line-height:1}.elementor-widget-heading .elementor-heading-title[class*=elementor-size-]>a{color:inherit;font-size:inherit;line-height:inherit}.elementor-widget-heading .elementor-heading-title.elementor-size-small{font-size:15px}.elementor-widget-heading .elementor-heading-title.elementor-size-medium{font-size:19px}.elementor-widget-heading .elementor-heading-title.elementor-size-large{font-size:29px}.elementor-widget-heading .elementor-heading-title.elementor-size-xl{font-size:39px}.elementor-widget-heading .elementor-heading-title.elementor-size-xxl{font-size:59px}<\/style><h2 class=\"elementor-heading-title elementor-size-default\">Organization<\/h2>\t\t<\/div>\n\t\t\t\t<\/div>\n\t\t\t\t\t<\/div>\n\t\t\t\t<\/div>\n\t\t<div class=\"elementor-element elementor-element-dbe9f2d e-flex e-con-boxed e-con e-parent\" data-id=\"dbe9f2d\" data-element_type=\"container\">\n\t\t\t\t\t<div class=\"e-con-inner\">\n\t\t<div class=\"elementor-element elementor-element-5d37e39 e-con-full e-flex e-con e-child\" data-id=\"5d37e39\" data-element_type=\"container\" data-settings=\"{&quot;background_background&quot;:&quot;classic&quot;}\">\n\t\t\t\t<div class=\"elementor-element elementor-element-6c76b2d elementor-widget elementor-widget-heading\" data-id=\"6c76b2d\" data-element_type=\"widget\" data-widget_type=\"heading.default\">\n\t\t\t\t<div class=\"elementor-widget-container\">\n\t\t\t<h3 class=\"elementor-heading-title elementor-size-default\">LOCAL ORGANIZING COMMITTEE (University of Minho)<\/h3>\t\t<\/div>\n\t\t\t\t<\/div>\n\t\t\t\t<div class=\"elementor-element elementor-element-6ff9c8d elementor-widget elementor-widget-text-editor\" data-id=\"6ff9c8d\" data-element_type=\"widget\" data-widget_type=\"text-editor.default\">\n\t\t\t\t<div class=\"elementor-widget-container\">\n\t\t\t<style>\/*! elementor - v3.22.0 - 26-06-2024 *\/\n.elementor-widget-text-editor.elementor-drop-cap-view-stacked .elementor-drop-cap{background-color:#69727d;color:#fff}.elementor-widget-text-editor.elementor-drop-cap-view-framed .elementor-drop-cap{color:#69727d;border:3px solid;background-color:transparent}.elementor-widget-text-editor:not(.elementor-drop-cap-view-default) .elementor-drop-cap{margin-top:8px}.elementor-widget-text-editor:not(.elementor-drop-cap-view-default) .elementor-drop-cap-letter{width:1em;height:1em}.elementor-widget-text-editor .elementor-drop-cap{float:left;text-align:center;line-height:1;font-size:50px}.elementor-widget-text-editor .elementor-drop-cap-letter{display:inline-block}<\/style>\t\t\t\t<p>Jos\u00e9 F. Gomes Mendes \u2013 <strong>President<\/strong><br \/>Daniel S. Rodrigues<br \/>Fernando P. Fonseca<br \/>L\u00edgia M.M.O.T. Silva<br \/>Paulo J. G. Ribeiro<br \/>Rui A. R. Ramos<\/p>\n\t\t\t\t\t\t<\/div>\n\t\t\t\t<\/div>\n\t\t\t\t<\/div>\n\t\t<div class=\"elementor-element elementor-element-3fab725 e-con-full e-flex e-con e-child\" data-id=\"3fab725\" data-element_type=\"container\" data-settings=\"{&quot;background_background&quot;:&quot;classic&quot;}\">\n\t\t\t\t<div class=\"elementor-element elementor-element-21b092c elementor-widget elementor-widget-heading\" data-id=\"21b092c\" data-element_type=\"widget\" data-widget_type=\"heading.default\">\n\t\t\t\t<div class=\"elementor-widget-container\">\n\t\t\t<h3 class=\"elementor-heading-title elementor-size-default\">PLURIS PERMANENT SCIENTIFIC COMMITTEE<\/h3>\t\t<\/div>\n\t\t\t\t<\/div>\n\t\t\t\t<div class=\"elementor-element elementor-element-cd1169a elementor-widget elementor-widget-text-editor\" data-id=\"cd1169a\" data-element_type=\"widget\" data-widget_type=\"text-editor.default\">\n\t\t\t\t<div class=\"elementor-widget-container\">\n\t\t\t\t\t\t\t<p>Jos\u00e9 F. Gomes Mendes, Universidade do Minho<br \/>Ant\u00f4nio N\u00e9lson R. da Silva, Universidade de S\u00e3o Paulo<br \/>Renata C. Magagnin, Universidade Estadual Paulista<br \/>Rui A. R. Ramos, Universidade do Minho<br \/>Gustavo G. Manzato, Universidade Estadual Paulista<\/p>\n\t\t\t\t\t\t<\/div>\n\t\t\t\t<\/div>\n\t\t\t\t<\/div>\n\t\t\t\t\t<\/div>\n\t\t\t\t<\/div>\n\t\t<div class=\"elementor-element elementor-element-c0786f7 e-flex e-con-boxed e-con e-parent\" data-id=\"c0786f7\" data-element_type=\"container\">\n\t\t\t\t\t<div class=\"e-con-inner\">\n\t\t<div class=\"elementor-element elementor-element-a05a919 e-con-full e-flex e-con e-child\" data-id=\"a05a919\" data-element_type=\"container\" data-settings=\"{&quot;background_background&quot;:&quot;classic&quot;}\">\n\t\t\t\t<div class=\"elementor-element elementor-element-b6c941a elementor-widget elementor-widget-heading\" data-id=\"b6c941a\" data-element_type=\"widget\" data-widget_type=\"heading.default\">\n\t\t\t\t<div class=\"elementor-widget-container\">\n\t\t\t<h3 class=\"elementor-heading-title elementor-size-default\">COORDINATION OF COMMUNICATION, GRAPHICS AND IT<\/h3>\t\t<\/div>\n\t\t\t\t<\/div>\n\t\t\t\t<div class=\"elementor-element elementor-element-f229d5c elementor-widget elementor-widget-text-editor\" data-id=\"f229d5c\" data-element_type=\"widget\" data-widget_type=\"text-editor.default\">\n\t\t\t\t<div class=\"elementor-widget-container\">\n\t\t\t\t\t\t\t<p>Daniel S. Rodrigues, Coordinator<br \/>Carla F. M. Oliveira<br \/>Pedro A. S. Freitas<br \/>V\u00edtor M. M. Costa<\/p>\n\t\t\t\t\t\t<\/div>\n\t\t\t\t<\/div>\n\t\t\t\t<\/div>\n\t\t\t\t\t<\/div>\n\t\t\t\t<\/div>\n\t\t<div class=\"elementor-element elementor-element-b640c1e e-flex e-con-boxed e-con e-parent\" data-id=\"b640c1e\" data-element_type=\"container\">\n\t\t\t\t\t<div class=\"e-con-inner\">\n\t\t<div class=\"elementor-element elementor-element-26d0c6c e-con-full e-flex e-con e-child\" data-id=\"26d0c6c\" data-element_type=\"container\" data-settings=\"{&quot;background_background&quot;:&quot;classic&quot;}\">\n\t\t\t\t<div class=\"elementor-element elementor-element-d539d9f elementor-widget elementor-widget-heading\" data-id=\"d539d9f\" data-element_type=\"widget\" data-widget_type=\"heading.default\">\n\t\t\t\t<div class=\"elementor-widget-container\">\n\t\t\t<h3 class=\"elementor-heading-title elementor-size-default\">EXECUTIVE COORDINATION AND LOCAL ORGANIZING TEAM<\/h3>\t\t<\/div>\n\t\t\t\t<\/div>\n\t\t\t\t<div class=\"elementor-element elementor-element-be005a9 elementor-widget elementor-widget-text-editor\" data-id=\"be005a9\" data-element_type=\"widget\" data-widget_type=\"text-editor.default\">\n\t\t\t\t<div class=\"elementor-widget-container\">\n\t\t\t\t\t\t\t<p>Rui A. R. Ramos \u2013 Executive Coordinator<br \/>Daniel S. Rodrigues \u2013 Coordinator<br \/>Carla Oliveira \u2013 Supervis\u00e3o<br \/>Carina Freitas \u2013 Supervis\u00e3o<br \/>Ana Claudia Andriolli<br \/>Beatriz Rodrigues<br \/>David Rodrigues<br \/>Francisco Machado<br \/>Gabriel Dias<br \/>In\u00e1cio Ribeiro<br \/>J\u00falio dos Santos<br \/>Maria Morgado<br \/>Mariana Barroso<br \/>Marta Oliveira<br \/>Pedro Silva<br \/>Ricardo Mota<\/p>\t\t\t\t\t\t<\/div>\n\t\t\t\t<\/div>\n\t\t\t\t<\/div>\n\t\t\t\t\t<\/div>\n\t\t\t\t<\/div>\n\t\t\t\t<\/div>\n\t\t","protected":false},"excerpt":{"rendered":"<p>Organization LOCAL ORGANIZING COMMITTEE (University of Minho) Jos\u00e9 F. Gomes Mendes \u2013 PresidentDaniel S. RodriguesFernando P. FonsecaL\u00edgia M.M.O.T. SilvaPaulo J. G. RibeiroRui A. R. Ramos PLURIS PERMANENT SCIENTIFIC COMMITTEE Jos\u00e9 F. Gomes Mendes, Universidade do MinhoAnt\u00f4nio N\u00e9lson R. da Silva, Universidade de S\u00e3o PauloRenata C. Magagnin, Universidade Estadual PaulistaRui A. R. Ramos, Universidade do MinhoGustavo [&hellip;]<\/p>\n","protected":false},"author":1,"featured_media":0,"parent":0,"menu_order":0,"comment_status":"closed","ping_status":"closed","template":"","meta":{"site-sidebar-layout":"no-sidebar","site-content-layout":"","ast-site-content-layout":"full-width-container","site-content-style":"default","site-sidebar-style":"default","ast-global-header-display":"","ast-banner-title-visibility":"","ast-main-header-display":"","ast-hfb-above-header-display":"","ast-hfb-below-header-display":"","ast-hfb-mobile-header-display":"","site-post-title":"disabled","ast-breadcrumbs-content":"","ast-featured-img":"disabled","footer-sml-layout":"","theme-transparent-header-meta":"","adv-header-id-meta":"","stick-header-meta":"","header-above-stick-meta":"","header-main-stick-meta":"","header-below-stick-meta":"","astra-migrate-meta-layouts":"default","ast-page-background-enabled":"default","ast-page-background-meta":{"desktop":{"background-color":"var(--ast-global-color-4)","background-image":"","background-repeat":"repeat","background-position":"center center","background-size":"auto","background-attachment":"scroll","background-type":"","background-media":"","overlay-type":"","overlay-color":"","overlay-opacity":"","overlay-gradient":""},"tablet":{"background-color":"","background-image":"","background-repeat":"repeat","background-position":"center center","background-size":"auto","background-attachment":"scroll","background-type":"","background-media":"","overlay-type":"","overlay-color":"","overlay-opacity":"","overlay-gradient":""},"mobile":{"background-color":"","background-image":"","background-repeat":"repeat","background-position":"center center","background-size":"auto","background-attachment":"scroll","background-type":"","background-media":"","overlay-type":"","overlay-color":"","overlay-opacity":"","overlay-gradient":""}},"ast-content-background-meta":{"desktop":{"background-color":"var(--ast-global-color-5)","background-image":"","background-repeat":"repeat","background-position":"center center","background-size":"auto","background-attachment":"scroll","background-type":"","background-media":"","overlay-type":"","overlay-color":"","overlay-opacity":"","overlay-gradient":""},"tablet":{"background-color":"var(--ast-global-color-5)","background-image":"","background-repeat":"repeat","background-position":"center center","background-size":"auto","background-attachment":"scroll","background-type":"","background-media":"","overlay-type":"","overlay-color":"","overlay-opacity":"","overlay-gradient":""},"mobile":{"background-color":"var(--ast-global-color-5)","background-image":"","background-repeat":"repeat","background-position":"center center","background-size":"auto","background-attachment":"scroll","background-type":"","background-media":"","overlay-type":"","overlay-color":"","overlay-opacity":"","overlay-gradient":""}},"footnotes":""},"class_list":["post-792","page","type-page","status-publish","hentry"],"_links":{"self":[{"href":"https:\/\/pluris2024.civil.uminho.pt\/en\/wp-json\/wp\/v2\/pages\/792","targetHints":{"allow":["GET"]}}],"collection":[{"href":"https:\/\/pluris2024.civil.uminho.pt\/en\/wp-json\/wp\/v2\/pages"}],"about":[{"href":"https:\/\/pluris2024.civil.uminho.pt\/en\/wp-json\/wp\/v2\/types\/page"}],"author":[{"embeddable":true,"href":"https:\/\/pluris2024.civil.uminho.pt\/en\/wp-json\/wp\/v2\/users\/1"}],"replies":[{"embeddable":true,"href":"https:\/\/pluris2024.civil.uminho.pt\/en\/wp-json\/wp\/v2\/comments?post=792"}],"version-history":[{"count":10,"href":"https:\/\/pluris2024.civil.uminho.pt\/en\/wp-json\/wp\/v2\/pages\/792\/revisions"}],"predecessor-version":[{"id":1196,"href":"https:\/\/pluris2024.civil.uminho.pt\/en\/wp-json\/wp\/v2\/pages\/792\/revisions\/1196"}],"wp:attachment":[{"href":"https:\/\/pluris2024.civil.uminho.pt\/en\/wp-json\/wp\/v2\/media?parent=792"}],"curies":[{"name":"wp","href":"https:\/\/api.w.org\/{rel}","templated":true}]}}