{"id":784,"date":"2023-11-06T16:47:05","date_gmt":"2023-11-06T16:47:05","guid":{"rendered":"https:\/\/pluris2024.civil.uminho.pt\/scientific-commission\/"},"modified":"2024-10-15T22:08:44","modified_gmt":"2024-10-15T22:08:44","slug":"scientific-commission","status":"publish","type":"page","link":"https:\/\/pluris2024.civil.uminho.pt\/en\/scientific-commission\/","title":{"rendered":"Scientific Commission"},"content":{"rendered":"\t\t<div data-elementor-type=\"wp-page\" data-elementor-id=\"784\" class=\"elementor elementor-784 elementor-215\" data-elementor-post-type=\"page\">\n\t\t\t\t<div class=\"elementor-element elementor-element-6d753d2 e-flex e-con-boxed e-con e-parent\" data-id=\"6d753d2\" data-element_type=\"container\" data-e-type=\"container\">\n\t\t\t\t\t<div class=\"e-con-inner\">\n\t\t\t\t<div class=\"elementor-element elementor-element-70e3bbb elementor-widget elementor-widget-heading\" data-id=\"70e3bbb\" data-element_type=\"widget\" data-e-type=\"widget\" data-widget_type=\"heading.default\">\n\t\t\t\t<div class=\"elementor-widget-container\">\n\t\t\t\t\t<h2 class=\"elementor-heading-title elementor-size-default\">Scientific Commission<\/h2>\t\t\t\t<\/div>\n\t\t\t\t<\/div>\n\t\t\t\t<div class=\"elementor-element elementor-element-0e507e2 elementor-widget elementor-widget-text-editor\" data-id=\"0e507e2\" data-element_type=\"widget\" data-e-type=\"widget\" data-widget_type=\"text-editor.default\">\n\t\t\t\t<div class=\"elementor-widget-container\">\n\t\t\t\t\t\t\t\t\t<p>Alan Ricardo da Silva<br \/>Alexandre Marques<br \/>Ana Elisabete de Almeida Medeiros<br \/>Ana Maria Guerra Ser\u00e1fico Pinheiro<br \/>Anabela Salgueiro Narciso Ribeiro<br \/>Andr\u00e9 Soares Lopes<br \/>Andrea Ribeiro<br \/>Anna Silvia Palcheco Peixoto<br \/>Ant\u00f3nio Armando Lima Sampaio Duarte<br \/>Ant\u00f3nio Manuel de Sousa Baltazar Mortal<br \/>Antonio Nelson Rodrigues da Silva<br \/>Arminda Maria Marques Almeida<br \/>Ary Ferreira da Silva<br \/>Barbara Stolte Bezerra<br \/>Bernardo Arantes do Nascimento Teixeira<br \/>Bianca Carla Dantas de Ara\u00fajo<br \/>Bruno Bertoncini<br \/>Caio Frederico E silva<br \/>Camila Mayumi Nakata-Osaki <br \/>Carmen Vel\u00e1squez Marea<br \/>Cintia Isabel de Campos Roque Guerrero<br \/>Cira Souza Pitombo<br \/>Cl\u00e1udia Mariz de Lyra Barroso Krause<br \/>Daniel Souto Rodrigues<br \/>Denise Balestrero Menezes<br \/>Diogenes Cortijo Costa<br \/>Douglas Barreto<br \/>\u00c9rico Masiero<br \/>Erika Cristine Kneib<br \/>Fernando Pereira Fonseca<br \/>Fl\u00e1via Ara\u00fajo<br \/>Francisco Manuel Camarinhas Serdoura<br \/>Fred Rodrigues<br \/>Gianna Melo Barbirato<br \/>Gustavo Garcia Manzato<br \/>Irineu da Silva<br \/>Jefferson Oliveira Goulart<br \/>Jo\u00e3o Carlos Barbirato<br \/>Jorge Ubirajara Pedreira Junior<br \/>Jos\u00e9 Alberto Tostes<br \/>Jos\u00e9 Aparecido SorrJos\u00e9 Aparecido Sorratini<br \/>Jos\u00e9 da Costa Marques Neto<br \/>Jos\u00e9 Leomar Fernandes J\u00fanior<br \/>Josiane Palma Lima<br \/>Karin Regina de Castro Marins<br \/>L\u00e9a Cristina Lucas de Souza<br \/>Leandro Cardoso<br \/>Lenise Grando Goldner <br \/>Leonardo Herszon Meira<br \/>Leonardo Marques Monteiro<br \/>Licinio da Silva Portugal<br \/>L\u00edgia Maria Marques de Oliveira Torres Silva<br \/>Lindon Fonseca Matias<br \/>Luzenira Alves Brasileiro<br \/>Maisa Tobias<br \/>Manuela Fernanda Gomes Moreira da Silva<br \/>Marcos Thadeu Queiroz Magalh\u00e3es <br \/>Maria Manuela Rosa<br \/>Maria Manuela Santos Nat\u00e1rio<br \/>Mario Angelo Nunes de Azevedo Filho<br \/>Mateus Araujo e Silva<br \/>Nair Cristina Margarido Brondino<br \/>N\u00edvea Adriana Dias Pons<br \/>Norma Regina Truppel Constantino<br \/>Orlando Strambi <br \/>Pablo Brilhante de Sousa<br \/>Paula Remoaldo<br \/>Paula Sardeiro Vanderlei<br \/>Paulo C\u00e9sar Lima Segantine<br \/>Paulo Jorge Gomes Ribeiro<br \/>Paulo Roberto Masseran<br \/>Peolla Paula Stein<br \/>Renata Cardoso Magagnin<br \/>Renato da Silva Lima<br \/>Ricardo Trevisan<br \/>Rodrigo Nobrega<br \/>R\u00f4mulo Jos\u00e9 da Costa Ribeiro<br \/>Rui Ant\u00f3nio Rodrigues Ramos<br \/>Samir Hernandes Tenorio Gomes<br \/>Samuel de Fran\u00e7a Marques<br \/>S\u00e9rgio Luiz Garavelli<br \/>Sidnei Pereira da Silva<br \/>Simone Becker Lopes<br \/>Teresa Cristina de Almeida Faria<br \/>Thiago Guimaraes Rodrigues<br \/>Waldemir Rodrigues Costa J\u00fanior<br \/>Maria Solange Gurgel de Castro Fontes<br \/>Vivian Fernandes<\/p>\t\t\t\t\t\t\t\t<\/div>\n\t\t\t\t<\/div>\n\t\t\t\t\t<\/div>\n\t\t\t\t<\/div>\n\t\t\t\t<\/div>\n\t\t","protected":false},"excerpt":{"rendered":"<p>Scientific Commission Alan Ricardo da SilvaAlexandre MarquesAna Elisabete de Almeida MedeirosAna Maria Guerra Ser\u00e1fico PinheiroAnabela Salgueiro Narciso RibeiroAndr\u00e9 Soares LopesAndrea RibeiroAnna Silvia Palcheco PeixotoAnt\u00f3nio Armando Lima Sampaio DuarteAnt\u00f3nio Manuel de Sousa Baltazar MortalAntonio Nelson Rodrigues da SilvaArminda Maria Marques AlmeidaAry Ferreira da SilvaBarbara Stolte BezerraBernardo Arantes do Nascimento TeixeiraBianca Carla Dantas de Ara\u00fajoBruno BertonciniCaio Frederico [&hellip;]<\/p>\n","protected":false},"author":1,"featured_media":0,"parent":0,"menu_order":0,"comment_status":"closed","ping_status":"closed","template":"","meta":{"site-sidebar-layout":"no-sidebar","site-content-layout":"","ast-site-content-layout":"full-width-container","site-content-style":"default","site-sidebar-style":"default","ast-global-header-display":"","ast-banner-title-visibility":"","ast-main-header-display":"","ast-hfb-above-header-display":"","ast-hfb-below-header-display":"","ast-hfb-mobile-header-display":"","site-post-title":"disabled","ast-breadcrumbs-content":"","ast-featured-img":"disabled","footer-sml-layout":"","ast-disable-related-posts":"","theme-transparent-header-meta":"","adv-header-id-meta":"","stick-header-meta":"","header-above-stick-meta":"","header-main-stick-meta":"","header-below-stick-meta":"","astra-migrate-meta-layouts":"default","ast-page-background-enabled":"default","ast-page-background-meta":{"desktop":{"background-color":"var(--ast-global-color-4)","background-image":"","background-repeat":"repeat","background-position":"center center","background-size":"auto","background-attachment":"scroll","background-type":"","background-media":"","overlay-type":"","overlay-color":"","overlay-opacity":"","overlay-gradient":""},"tablet":{"background-color":"","background-image":"","background-repeat":"repeat","background-position":"center center","background-size":"auto","background-attachment":"scroll","background-type":"","background-media":"","overlay-type":"","overlay-color":"","overlay-opacity":"","overlay-gradient":""},"mobile":{"background-color":"","background-image":"","background-repeat":"repeat","background-position":"center center","background-size":"auto","background-attachment":"scroll","background-type":"","background-media":"","overlay-type":"","overlay-color":"","overlay-opacity":"","overlay-gradient":""}},"ast-content-background-meta":{"desktop":{"background-color":"var(--ast-global-color-5)","background-image":"","background-repeat":"repeat","background-position":"center center","background-size":"auto","background-attachment":"scroll","background-type":"","background-media":"","overlay-type":"","overlay-color":"","overlay-opacity":"","overlay-gradient":""},"tablet":{"background-color":"var(--ast-global-color-5)","background-image":"","background-repeat":"repeat","background-position":"center center","background-size":"auto","background-attachment":"scroll","background-type":"","background-media":"","overlay-type":"","overlay-color":"","overlay-opacity":"","overlay-gradient":""},"mobile":{"background-color":"var(--ast-global-color-5)","background-image":"","background-repeat":"repeat","background-position":"center center","background-size":"auto","background-attachment":"scroll","background-type":"","background-media":"","overlay-type":"","overlay-color":"","overlay-opacity":"","overlay-gradient":""}},"footnotes":""},"class_list":["post-784","page","type-page","status-publish","hentry"],"_links":{"self":[{"href":"https:\/\/pluris2024.civil.uminho.pt\/en\/wp-json\/wp\/v2\/pages\/784","targetHints":{"allow":["GET"]}}],"collection":[{"href":"https:\/\/pluris2024.civil.uminho.pt\/en\/wp-json\/wp\/v2\/pages"}],"about":[{"href":"https:\/\/pluris2024.civil.uminho.pt\/en\/wp-json\/wp\/v2\/types\/page"}],"author":[{"embeddable":true,"href":"https:\/\/pluris2024.civil.uminho.pt\/en\/wp-json\/wp\/v2\/users\/1"}],"replies":[{"embeddable":true,"href":"https:\/\/pluris2024.civil.uminho.pt\/en\/wp-json\/wp\/v2\/comments?post=784"}],"version-history":[{"count":4,"href":"https:\/\/pluris2024.civil.uminho.pt\/en\/wp-json\/wp\/v2\/pages\/784\/revisions"}],"predecessor-version":[{"id":1052,"href":"https:\/\/pluris2024.civil.uminho.pt\/en\/wp-json\/wp\/v2\/pages\/784\/revisions\/1052"}],"wp:attachment":[{"href":"https:\/\/pluris2024.civil.uminho.pt\/en\/wp-json\/wp\/v2\/media?parent=784"}],"curies":[{"name":"wp","href":"https:\/\/api.w.org\/{rel}","templated":true}]}}