{"id":742,"date":"2023-11-06T16:47:05","date_gmt":"2023-11-06T16:47:05","guid":{"rendered":"https:\/\/pluris2024.civil.uminho.pt\/venue\/"},"modified":"2024-10-16T09:10:54","modified_gmt":"2024-10-16T09:10:54","slug":"venue","status":"publish","type":"page","link":"https:\/\/pluris2024.civil.uminho.pt\/en\/venue\/","title":{"rendered":"Venue"},"content":{"rendered":"\t\t<div data-elementor-type=\"wp-page\" data-elementor-id=\"742\" class=\"elementor elementor-742 elementor-219\" data-elementor-post-type=\"page\">\n\t\t\t\t<div class=\"elementor-element elementor-element-9508a11 e-flex e-con-boxed e-con e-parent\" data-id=\"9508a11\" data-element_type=\"container\" data-e-type=\"container\">\n\t\t\t\t\t<div class=\"e-con-inner\">\n\t\t\t\t<div class=\"elementor-element elementor-element-3483cbc elementor-widget elementor-widget-heading\" data-id=\"3483cbc\" data-element_type=\"widget\" data-e-type=\"widget\" data-widget_type=\"heading.default\">\n\t\t\t\t<div class=\"elementor-widget-container\">\n\t\t\t\t\t<h2 class=\"elementor-heading-title elementor-size-default\">Venue<\/h2>\t\t\t\t<\/div>\n\t\t\t\t<\/div>\n\t\t\t\t\t<\/div>\n\t\t\t\t<\/div>\n\t\t<div class=\"elementor-element elementor-element-74c5e2a e-flex e-con-boxed e-con e-parent\" data-id=\"74c5e2a\" data-element_type=\"container\" data-e-type=\"container\">\n\t\t\t\t\t<div class=\"e-con-inner\">\n\t\t\t\t<div class=\"elementor-element elementor-element-599f85e elementor-widget elementor-widget-text-editor\" data-id=\"599f85e\" data-element_type=\"widget\" data-e-type=\"widget\" data-widget_type=\"text-editor.default\">\n\t\t\t\t<div class=\"elementor-widget-container\">\n\t\t\t\t\t\t\t\t\t<p><b>PLURIS 2024<\/b> will take place at the University of Minho, Azur\u00e9m Campus, in Guimar\u00e3es, Portugal. The working languages of the conference are Portuguese, <span style=\"font-size: 16px; font-style: normal; font-weight: 400;\">English<\/span>, and Spanish.<\/p>\n<p><span style=\"font-style: inherit; font-weight: inherit; background-color: var(--ast-global-color-5); color: var(--ast-global-color-3);\"><br \/>Guimar\u00e3es, located in northern Portugal, is approximately 40 minutes from Porto International Airport. Steeped in history, Guimar\u00e3es is renowned as the &#8220;Birthplace of Portugal&#8221;<br \/><\/span><span style=\"font-style: inherit; font-weight: inherit; background-color: var(--ast-global-color-5); color: var(--ast-global-color-3);\"><br \/>and boasts a captivating historical center, designated a UNESCO World Heritage Site in 2001. In 2012, Guimar\u00e3es held the title of European Capital of Culture, and more recently, it was recognized as one of Europe&#8217;s most charming small cities.<\/span><\/p>\n\t\t\t\t\t\t\t\t<\/div>\n\t\t\t\t<\/div>\n\t\t\t\t\t<\/div>\n\t\t\t\t<\/div>\n\t\t<div class=\"elementor-element elementor-element-9f51a17 e-flex e-con-boxed e-con e-parent\" data-id=\"9f51a17\" data-element_type=\"container\" data-e-type=\"container\">\n\t\t\t\t\t<div class=\"e-con-inner\">\n\t\t\t\t<div class=\"elementor-element elementor-element-62b2c45 elementor-widget elementor-widget-text-editor\" data-id=\"62b2c45\" data-element_type=\"widget\" data-e-type=\"widget\" data-widget_type=\"text-editor.default\">\n\t\t\t\t<div class=\"elementor-widget-container\">\n\t\t\t\t\t\t\t\t\t<p>The conference will be held in the Main Auditorium and adjacent Amphitheaters (Building 1) at the University of Minho&#8217;s Azur\u00e9m Campus in Guimar\u00e3es.<\/p>\n\t\t\t\t\t\t\t\t<\/div>\n\t\t\t\t<\/div>\n\t\t\t\t\t<\/div>\n\t\t\t\t<\/div>\n\t\t<div class=\"elementor-element elementor-element-29899f3 e-flex e-con-boxed e-con e-child\" data-id=\"29899f3\" data-element_type=\"container\" data-e-type=\"container\">\n\t\t\t\t\t<div class=\"e-con-inner\">\n\t\t\t\t<div class=\"elementor-element elementor-element-233fe16 elementor-widget elementor-widget-text-editor\" data-id=\"233fe16\" data-element_type=\"widget\" data-e-type=\"widget\" data-widget_type=\"text-editor.default\">\n\t\t\t\t<div class=\"elementor-widget-container\">\n\t\t\t\t\t\t\t\t\t<p>Surrounded by greenery and with easy access to pedestrian and cycling paths, the Azur\u00e9m Campus is a 15-minute walk from the city&#8217;s historic center and is readily accessible by public transportation.<\/p>\n\t\t\t\t\t\t\t\t<\/div>\n\t\t\t\t<\/div>\n\t\t\t\t<div class=\"elementor-element elementor-element-fd260f8 elementor-widget elementor-widget-heading\" data-id=\"fd260f8\" data-element_type=\"widget\" data-e-type=\"widget\" data-widget_type=\"heading.default\">\n\t\t\t\t<div class=\"elementor-widget-container\">\n\t\t\t\t\t<h2 class=\"elementor-heading-title elementor-size-default\">Campus orientation and dinner location<\/h2>\t\t\t\t<\/div>\n\t\t\t\t<\/div>\n\t\t\t\t<div class=\"elementor-element elementor-element-99fc7a4 elementor-widget elementor-widget-text-editor\" data-id=\"99fc7a4\" data-element_type=\"widget\" data-e-type=\"widget\" data-widget_type=\"text-editor.default\">\n\t\t\t\t<div class=\"elementor-widget-container\">\n\t\t\t\t\t\t\t\t\t<p>To assist you with campus orientation and finding the presentation rooms and cafeteria where lunches will be served, please refer to the following <a href=\"https:\/\/pluris2024.civil.uminho.pt\/wp-content\/uploads\/2024\/10\/PLURIS2024-Mapa-do-Congresso.pdf\">PDF document<\/a>.<\/p>\t\t\t\t\t\t\t\t<\/div>\n\t\t\t\t<\/div>\n\t\t\t\t\t<\/div>\n\t\t\t\t<\/div>\n\t\t<div class=\"elementor-element elementor-element-8d7166d e-flex e-con-boxed e-con e-parent\" data-id=\"8d7166d\" data-element_type=\"container\" data-e-type=\"container\">\n\t\t\t\t\t<div class=\"e-con-inner\">\n\t\t<div class=\"elementor-element elementor-element-c52e3b4 e-con-full e-flex e-con e-child\" data-id=\"c52e3b4\" data-element_type=\"container\" data-e-type=\"container\">\n\t\t\t\t<div class=\"elementor-element elementor-element-567b483 elementor-vertical-align-top elementor-widget elementor-widget-image-box\" data-id=\"567b483\" data-element_type=\"widget\" data-e-type=\"widget\" data-widget_type=\"image-box.default\">\n\t\t\t\t<div class=\"elementor-widget-container\">\n\t\t\t\t\t<div class=\"elementor-image-box-wrapper\"><div class=\"elementor-image-box-content\"><h3 class=\"elementor-image-box-title\">Accommodation in Guimar\u00e3es<\/h3><\/div><\/div>\t\t\t\t<\/div>\n\t\t\t\t<\/div>\n\t\t\t\t<div class=\"elementor-element elementor-element-d5dc589 elementor-widget elementor-widget-text-editor\" data-id=\"d5dc589\" data-element_type=\"widget\" data-e-type=\"widget\" data-widget_type=\"text-editor.default\">\n\t\t\t\t<div class=\"elementor-widget-container\">\n\t\t\t\t\t\t\t\t\t<p>Guimar\u00e3es offers a variety of accommodation options conveniently located near the Azur\u00e9m Campus. For detailed and up-to-date information, please visit the <strong><a href=\"https:\/\/www.visitguimaraes.travel\/\" target=\"_blank\" rel=\"noopener\">Guimar\u00e3es Tourism<\/a><\/strong> website.<\/p>\n\t\t\t\t\t\t\t\t<\/div>\n\t\t\t\t<\/div>\n\t\t\t\t<div class=\"elementor-element elementor-element-e40a41f elementor-widget elementor-widget-heading\" data-id=\"e40a41f\" data-element_type=\"widget\" data-e-type=\"widget\" data-widget_type=\"heading.default\">\n\t\t\t\t<div class=\"elementor-widget-container\">\n\t\t\t\t\t<h3 class=\"elementor-heading-title elementor-size-default\">More Information<\/h3>\t\t\t\t<\/div>\n\t\t\t\t<\/div>\n\t\t\t\t<div class=\"elementor-element elementor-element-86e4fb5 elementor-widget elementor-widget-text-editor\" data-id=\"86e4fb5\" data-element_type=\"widget\" data-e-type=\"widget\" data-widget_type=\"text-editor.default\">\n\t\t\t\t<div class=\"elementor-widget-container\">\n\t\t\t\t\t\t\t\t\t<ul>\n<li><a href=\"https:\/\/www.uminho.pt\/PT\/viver\/os-campi\/Paginas\/Descricao.aspx\" target=\"_blank\" rel=\"noopener\">https:\/\/www.uminho.pt\/PT\/viver\/os-campi\/Paginas\/Descricao.aspx<\/a><\/li>\n<li><a href=\"https:\/\/www.uminho.pt\/PT\/viver\/os-campi\/Paginas\/Plantas.aspx\" target=\"_blank\" rel=\"noopener\">https:\/\/www.uminho.pt\/PT\/viver\/os-campi\/Paginas\/Plantas.aspx<\/a><\/li>\n<li><a href=\"https:\/\/www.uminho.pt\/PT\/viver\/guimaraes\" target=\"_blank\" rel=\"noopener\">https:\/\/www.uminho.pt\/PT\/viver\/guimaraes<\/a><\/li>\n<\/ul>\n\t\t\t\t\t\t\t\t<\/div>\n\t\t\t\t<\/div>\n\t\t\t\t<\/div>\n\t\t\t\t\t<\/div>\n\t\t\t\t<\/div>\n\t\t\t\t<\/div>\n\t\t","protected":false},"excerpt":{"rendered":"<p>Venue PLURIS 2024 will take place at the University of Minho, Azur\u00e9m Campus, in Guimar\u00e3es, Portugal. The working languages of the conference are Portuguese, English, and Spanish. Guimar\u00e3es, located in northern Portugal, is approximately 40 minutes from Porto International Airport. Steeped in history, Guimar\u00e3es is renowned as the &#8220;Birthplace of Portugal&#8221; and boasts a captivating [&hellip;]<\/p>\n","protected":false},"author":1,"featured_media":0,"parent":0,"menu_order":0,"comment_status":"closed","ping_status":"closed","template":"","meta":{"site-sidebar-layout":"no-sidebar","site-content-layout":"","ast-site-content-layout":"full-width-container","site-content-style":"default","site-sidebar-style":"default","ast-global-header-display":"","ast-banner-title-visibility":"","ast-main-header-display":"","ast-hfb-above-header-display":"","ast-hfb-below-header-display":"","ast-hfb-mobile-header-display":"","site-post-title":"disabled","ast-breadcrumbs-content":"","ast-featured-img":"disabled","footer-sml-layout":"","ast-disable-related-posts":"","theme-transparent-header-meta":"","adv-header-id-meta":"","stick-header-meta":"","header-above-stick-meta":"","header-main-stick-meta":"","header-below-stick-meta":"","astra-migrate-meta-layouts":"default","ast-page-background-enabled":"default","ast-page-background-meta":{"desktop":{"background-color":"var(--ast-global-color-4)","background-image":"","background-repeat":"repeat","background-position":"center center","background-size":"auto","background-attachment":"scroll","background-type":"","background-media":"","overlay-type":"","overlay-color":"","overlay-opacity":"","overlay-gradient":""},"tablet":{"background-color":"","background-image":"","background-repeat":"repeat","background-position":"center center","background-size":"auto","background-attachment":"scroll","background-type":"","background-media":"","overlay-type":"","overlay-color":"","overlay-opacity":"","overlay-gradient":""},"mobile":{"background-color":"","background-image":"","background-repeat":"repeat","background-position":"center center","background-size":"auto","background-attachment":"scroll","background-type":"","background-media":"","overlay-type":"","overlay-color":"","overlay-opacity":"","overlay-gradient":""}},"ast-content-background-meta":{"desktop":{"background-color":"var(--ast-global-color-5)","background-image":"","background-repeat":"repeat","background-position":"center center","background-size":"auto","background-attachment":"scroll","background-type":"","background-media":"","overlay-type":"","overlay-color":"","overlay-opacity":"","overlay-gradient":""},"tablet":{"background-color":"var(--ast-global-color-5)","background-image":"","background-repeat":"repeat","background-position":"center center","background-size":"auto","background-attachment":"scroll","background-type":"","background-media":"","overlay-type":"","overlay-color":"","overlay-opacity":"","overlay-gradient":""},"mobile":{"background-color":"var(--ast-global-color-5)","background-image":"","background-repeat":"repeat","background-position":"center center","background-size":"auto","background-attachment":"scroll","background-type":"","background-media":"","overlay-type":"","overlay-color":"","overlay-opacity":"","overlay-gradient":""}},"footnotes":""},"class_list":["post-742","page","type-page","status-publish","hentry"],"_links":{"self":[{"href":"https:\/\/pluris2024.civil.uminho.pt\/en\/wp-json\/wp\/v2\/pages\/742","targetHints":{"allow":["GET"]}}],"collection":[{"href":"https:\/\/pluris2024.civil.uminho.pt\/en\/wp-json\/wp\/v2\/pages"}],"about":[{"href":"https:\/\/pluris2024.civil.uminho.pt\/en\/wp-json\/wp\/v2\/types\/page"}],"author":[{"embeddable":true,"href":"https:\/\/pluris2024.civil.uminho.pt\/en\/wp-json\/wp\/v2\/users\/1"}],"replies":[{"embeddable":true,"href":"https:\/\/pluris2024.civil.uminho.pt\/en\/wp-json\/wp\/v2\/comments?post=742"}],"version-history":[{"count":6,"href":"https:\/\/pluris2024.civil.uminho.pt\/en\/wp-json\/wp\/v2\/pages\/742\/revisions"}],"predecessor-version":[{"id":1108,"href":"https:\/\/pluris2024.civil.uminho.pt\/en\/wp-json\/wp\/v2\/pages\/742\/revisions\/1108"}],"wp:attachment":[{"href":"https:\/\/pluris2024.civil.uminho.pt\/en\/wp-json\/wp\/v2\/media?parent=742"}],"curies":[{"name":"wp","href":"https:\/\/api.w.org\/{rel}","templated":true}]}}